{"id":134,"date":"2020-11-09T17:35:38","date_gmt":"2020-11-09T17:35:38","guid":{"rendered":"https:\/\/essentialfacts2020.ca\/?page_id=134"},"modified":"2020-11-19T08:03:24","modified_gmt":"2020-11-19T08:03:24","slug":"quoi","status":"publish","type":"page","link":"https:\/\/essentialfacts2020.ca\/fr\/quoi\/","title":{"rendered":"\u00c0 quoi jouent les Canadiens"},"content":{"rendered":"<h5>Les Canadiens sont plus susceptibles de jouer \u00e0 des jeux \u00e0 la premi\u00e8re personne, \u00e0 des sports \u00e9lectroniques et \u00e0 des jeux de cartes en ligne; 40\u00a0% des joueurs adultes jouent seuls en ligne, 40\u00a0% jouent avec d\u2019autres personnes en ligne, 20\u00a0% jouent en ligne avec d\u2019autres joueurs se trouvant dans la m\u00eame salle et 30\u00a0% jouent en ligne avec des joueurs qu\u2019ils ne connaissent pas. Les Canadiens adultes jouent le plus souvent \u00e0 des jeux de casse-t\u00eate, tandis que les enfants et les adolescents pr\u00e9f\u00e8rent les jeux d\u2019action et les jeux d\u2019aventure.<\/h5>\n<h5><strong>\u00a0<\/strong><\/h5>\n<h5><strong>Les Canadiens de tous \u00e2ges jouent \u00e0 des jeux vid\u00e9o, et il y en a pour tous les go\u00fbts.<\/strong><\/h5>\n<h6><section class='content_section  in_menu' style=' padding-top:20px; padding-bottom:20px'><\/h6>\n<h6><\/section><\/h6>\n<h3 style=\"text-align: center;\">Casse-t\u00eate et jeux de vocabulaire<\/h3>\n<h6><section class='content_section  in_menu' style=' padding-top:20px; padding-bottom:20px'><\/h6>\n<h6><\/section><\/h6>\n<div class=\"two_columns_50_50 clearfix\"><div class=\"column1\"><div class=\"column_inner\">\n<div class='pie_chart_holder normal'><div class='percentage' data-percent='37' data-delay='' data-active='#CB836B' data-noactive='#F7E0CC' style='color: #000000;'><span class='tocounter' data-delay=''>37<\/span>%<\/div><div class='pie_chart_text'><h4>37% des adultes<\/h4>\u00a0 <\/div><\/div>\n<\/div><\/div>\n<div class=\"column2\"><div class=\"column_inner\">\n<div class='pie_chart_holder normal'><div class='percentage' data-percent='24' data-delay='' data-active='#CB836B' data-noactive='#F7E0CC' style='color: #000000;'><span class='tocounter' data-delay=''>24<\/span>%<\/div><div class='pie_chart_text'><h4>24% des enfants et adolescents<\/h4> <\/div><\/div>\n<\/div><\/div><\/div>\n<h6><section class='content_section  in_menu' style=' padding-top:20px; padding-bottom:20px'><\/h6>\n<h6><\/section><\/h6>\n<h3 style=\"text-align: center;\">Jeux d\u2019action et jeux d\u2019aventure<\/h3>\n<h6><section class='content_section  in_menu' style=' padding-top:20px; padding-bottom:20px'><\/h6>\n<h6><\/section><\/h6>\n<div class=\"two_columns_50_50 clearfix\"><div class=\"column1\"><div class=\"column_inner\">\n<div class='pie_chart_holder normal'><div class='percentage' data-percent='24' data-delay='0' data-active='#CB836B' data-noactive='#F7E0CC' style='color: #000000;'><span class='tocounter' data-delay='0'>24<\/span>%<\/div><div class='pie_chart_text'><h4>24% des adultes<\/h4>\u00a0 <\/div><\/div>\n<\/div><\/div>\n<div class=\"column2\"><div class=\"column_inner\">\n<div class='pie_chart_holder normal'><div class='percentage' data-percent='33' data-delay='0' data-active='#CB836B' data-noactive='#F7E0CC' style='color: #000000;'><span class='tocounter' data-delay='0'>33<\/span>%<\/div><div class='pie_chart_text'><h4>33% des enfants et adolescents<\/h4> <\/div><\/div>\n<\/div><\/div><\/div>\n<h6><section class='content_section  in_menu' style=' padding-top:20px; padding-bottom:20px'><\/h6>\n<h6><\/section><\/h6>\n<p><strong>\u00a0<\/strong><\/p>\n<h3 style=\"text-align: center;\">Jeux de strat\u00e9gie et jeux de r\u00f4les (RPG)<\/h3>\n<h6><section class='content_section  in_menu' style=' padding-top:20px; padding-bottom:20px'><\/h6>\n<h6><\/section><\/h6>\n<div class=\"two_columns_50_50 clearfix\"><div class=\"column1\"><div class=\"column_inner\">\n<div class='pie_chart_holder normal'><div class='percentage' data-percent='23' data-delay='' data-active='#CB836B' data-noactive='#F7E0CC' style='color: #000000;'><span class='tocounter' data-delay=''>23<\/span>%<\/div><div class='pie_chart_text'><h4>23% des adultes<\/h4>\u00a0 <\/div><\/div>\n<\/div><\/div>\n<div class=\"column2\"><div class=\"column_inner\">\n<div class='pie_chart_holder normal'><div class='percentage' data-percent='15' data-delay='' data-active='#CB836B' data-noactive='#F7E0CC' style='color: #000000;'><span class='tocounter' data-delay=''>15<\/span>%<\/div><div class='pie_chart_text'><h4>15% des enfants et adolescents<\/h4> <\/div><\/div>\n<\/div><\/div><\/div>\n<h6><section class='content_section  in_menu' style=' padding-top:20px; padding-bottom:20px'><\/h6>\n<h6><\/section><\/h6>\n<h3 style=\"text-align: center;\">Jeux \u00e0 la premi\u00e8re personne et jeux en \u00e9quipe<\/h3>\n<h6><section class='content_section  in_menu' style=' padding-top:20px; padding-bottom:20px'><\/h6>\n<h6><\/section><\/h6>\n<div class=\"two_columns_50_50 clearfix\"><div class=\"column1\"><div class=\"column_inner\">\n<div class='pie_chart_holder normal'><div class='percentage' data-percent='23' data-delay='' data-active='#CB836B' data-noactive='#F7E0CC' style='color: #000000;'><span class='tocounter' data-delay=''>23<\/span>%<\/div><div class='pie_chart_text'><h4>23% des adultes<\/h4>\u00a0 <\/div><\/div>\n<\/div><\/div>\n<div class=\"column2\"><div class=\"column_inner\">\n<div class='pie_chart_holder normal'><div class='percentage' data-percent='21' data-delay='' data-active='#CB836B' data-noactive='#F7E0CC' style='color: #000000;'><span class='tocounter' data-delay=''>21<\/span>%<\/div><div class='pie_chart_text'><h4>21% des enfants et adolescents<\/h4> <\/div><\/div>\n<\/div><\/div><\/div>\n<h6><section class='content_section  in_menu' style=' padding-top:20px; padding-bottom:20px'><\/h6>\n<h6><\/section><\/h6>\n<h3 style=\"text-align: center;\">Jeux de sport<\/h3>\n<h6><section class='content_section  in_menu' style=' padding-top:20px; padding-bottom:20px'><\/h6>\n<h6><\/section><\/h6>\n<div class=\"two_columns_50_50 clearfix\"><div class=\"column1\"><div class=\"column_inner\">\n<div class='pie_chart_holder normal'><div class='percentage' data-percent='18' data-delay='' data-active='#CB836B' data-noactive='#F7E0CC' style='color: #000000;'><span class='tocounter' data-delay=''>18<\/span>%<\/div><div class='pie_chart_text'><h4>18% des adultes<\/h4>\u00a0 <\/div><\/div>\n<\/div><\/div>\n<div class=\"column2\"><div class=\"column_inner\">\n<div class='pie_chart_holder normal'><div class='percentage' data-percent='17' data-delay='' data-active='#CB836B' data-noactive='#F7E0CC' style='color: #000000;'><span class='tocounter' data-delay=''>17<\/span>%<\/div><div class='pie_chart_text'><h4>17% des enfants et adolescents<\/h4> <\/div><\/div>\n<\/div><\/div><\/div>\n<h6><section class='content_section  in_menu' style=' padding-top:20px; padding-bottom:20px'><\/h6>\n<h6><\/section><\/h6>\n<h3 style=\"text-align: center;\">JRMM (jeux de r\u00f4les en ligne massivement multijoueur)<\/h3>\n<h6><section class='content_section  in_menu' style=' padding-top:20px; padding-bottom:20px'><\/h6>\n<h6><\/section><\/h6>\n<div class=\"two_columns_50_50 clearfix\"><div class=\"column1\"><div class=\"column_inner\">\n<div class='pie_chart_holder normal'><div class='percentage' data-percent='11' data-delay='' data-active='#CB836B' data-noactive='#F7E0CC' style='color: #000000;'><span class='tocounter' data-delay=''>11<\/span>%<\/div><div class='pie_chart_text'><h4>11% des adultes<\/h4>\u00a0 <\/div><\/div>\n<\/div><\/div>\n<div class=\"column2\"><div class=\"column_inner\">\n<div class='pie_chart_holder normal'><div class='percentage' data-percent='18' data-delay='' data-active='#CB836B' data-noactive='#F7E0CC' style='color: #000000;'><span class='tocounter' data-delay=''>18<\/span>%<\/div><div class='pie_chart_text'><h4>18% des enfants et adolescents<\/h4> <\/div><\/div>\n<\/div><\/div><\/div>\n<h6><section class='content_section  in_menu' style=' padding-top:20px; padding-bottom:20px'><\/h6>\n<h6><\/section><\/h6>\n<h3 style=\"text-align: center;\">Jeux de course et jeux de pilotage a\u00e9rien<\/h3>\n<h6><section class='content_section  in_menu' style=' padding-top:20px; padding-bottom:20px'><\/h6>\n<h6><\/section><\/h6>\n<div class=\"two_columns_50_50 clearfix\"><div class=\"column1\"><div class=\"column_inner\">\n<div class='pie_chart_holder normal'><div class='percentage' data-percent='11' data-delay='' data-active='#CB836B' data-noactive='#F7E0CC' style='color: #000000;'><span class='tocounter' data-delay=''>11<\/span>%<\/div><div class='pie_chart_text'><h4>11% des adultes<\/h4>\u00a0 <\/div><\/div>\n<\/div><\/div>\n<div class=\"column2\"><div class=\"column_inner\">\n<div class='pie_chart_holder normal'><div class='percentage' data-percent='18' data-delay='' data-active='#CB836B' data-noactive='#F7E0CC' style='color: #000000;'><span class='tocounter' data-delay=''>18<\/span>%<\/div><div class='pie_chart_text'><h4>18% des enfants et adolescents<\/h4> <\/div><\/div>\n<\/div><\/div><\/div>\n<h6><section class='content_section  in_menu' style=' padding-top:20px; padding-bottom:20px'><\/h6>\n<h6><\/section><\/h6>\n<h3 style=\"text-align: center;\">Jeux de combat<\/h3>\n<h6><section class='content_section  in_menu' style=' padding-top:20px; padding-bottom:20px'><\/h6>\n<h6><\/section><\/h6>\n<div class=\"two_columns_50_50 clearfix\"><div class=\"column1\"><div class=\"column_inner\">\n<div class='pie_chart_holder normal'><div class='percentage' data-percent='11' data-delay='' data-active='#CB836B' data-noactive='#F7E0CC' style='color: #000000;'><span class='tocounter' data-delay=''>11<\/span>%<\/div><div class='pie_chart_text'><h4>11% des adultes<\/h4>\u00a0 <\/div><\/div>\n<\/div><\/div>\n<div class=\"column2\"><div class=\"column_inner\">\n<div class='pie_chart_holder normal'><div class='percentage' data-percent='12' data-delay='' data-active='#CB836B' data-noactive='#F7E0CC' style='color: #000000;'><span class='tocounter' data-delay=''>12<\/span>%<\/div><div class='pie_chart_text'><h4>12% des enfants et adolescents<\/h4> <\/div><\/div>\n<\/div><\/div><\/div>\n<h6><section class='content_section  in_menu' style=' padding-top:20px; padding-bottom:20px'><\/h6>\n<h6><\/section><\/h6>\n<h3 style=\"text-align: center;\">Jeux sociaux<\/h3>\n<h6><section class='content_section  in_menu' style=' padding-top:20px; padding-bottom:20px'><\/h6>\n<h6><\/section><\/h6>\n<div class=\"two_columns_50_50 clearfix\"><div class=\"column1\"><div class=\"column_inner\">\n<div class='pie_chart_holder normal'><div class='percentage' data-percent='11' data-delay='' data-active='#CB836B' data-noactive='#F7E0CC' style='color: #000000;'><span class='tocounter' data-delay=''>11<\/span>%<\/div><div class='pie_chart_text'><h4>11% des adultes<\/h4>\u00a0 <\/div><\/div>\n<\/div><\/div>\n<div class=\"column2\"><div class=\"column_inner\">\n<div class='pie_chart_holder normal'><div class='percentage' data-percent='15' data-delay='' data-active='#CB836B' data-noactive='#F7E0CC' style='color: #000000;'><span class='tocounter' data-delay=''>15<\/span>%<\/div><div class='pie_chart_text'><h4>15% des enfants et adolescents<\/h4> <\/div><\/div>\n<\/div><\/div><\/div>\n<h6><section class='content_section  in_menu' style=' padding-top:40px; padding-bottom:40px'><\/h6>\n<h6><\/section><\/h6>\n<h3><strong>Faits d\u00e9mographiques marquants<\/strong><\/h3>\n<p>Les appareils de jeu les plus utilis\u00e9s varient. Nous avons relev\u00e9 les diff\u00e9rents types d\u2019appareils, le nombre d\u2019heures jou\u00e9es par semaine (y compris le pourcentage d\u2019heures jou\u00e9es en ligne) et les trois titres les plus populaires au Canada par groupe d\u2019\u00e2ge. Le pourcentage total du temps de jeu s\u2019applique \u00e0 l\u2019ensemble des appareils.<\/p>\n<p>Les jeux sur mobile demeurent populaires chez les femmes dans tous les groupes d\u00e9mographiques, tandis que les jeux sur console sont populaires chez les hommes, \u00e0 l\u2019exception de la tranche d\u2019\u00e2ge de 35 \u00e0 54\u00a0ans.<\/p>\n<h6><section class='content_section  in_menu' style=' padding-top:20px; padding-bottom:20px'><\/h6>\n<h6><\/section><\/h6>\n<div class=\"two_columns_50_50 clearfix\"><div class=\"column1\"><div class=\"column_inner\">\n<h3>Joueuses de 6\u00a0\u00e0 12\u00a0ans<\/h3>\n<p>88\u00a0% des filles de 6\u00a0\u00e0 12\u00a0ans jouent \u00e0 des jeux vid\u00e9o<\/p>\n<p>Nombre moyen d\u2019heures de jeu par semaine\u00a0: 9<\/p>\n<p>49\u00a0% des filles de 6\u00a0\u00e0 12\u00a0ans jouent sur mobile<\/p>\n<p>31\u00a0% des filles de 6\u00a0\u00e0 12\u00a0ans jouent sur console<\/p>\n<p>56\u00a0% du temps de jeu a lieu en ligne<\/p>\n<h4><strong><em>Classement des trois titres les plus populaires chez les filles de 6\u00a0\u00e0 12\u00a0ans\u00a0:<\/em><\/strong><\/h4>\n<p>Roblox<\/p>\n<p>Minecraft<\/p>\n<p>Mario\u00a0Kart<\/p>\n<\/div><\/div>\n<div class=\"column2\"><div class=\"column_inner\">\n<h3>Joueurs de 6\u00a0\u00e0 12\u00a0ans<\/h3>\n<p>95\u00a0% des gar\u00e7ons de 6\u00a0\u00e0 12\u00a0ans jouent \u00e0 des jeux vid\u00e9o<\/p>\n<p>Nombre moyen d\u2019heures de jeu par semaine\u00a0: 12<\/p>\n<p>31\u00a0% des gar\u00e7ons de 6\u00a0\u00e0 12\u00a0ans jouent sur mobile<\/p>\n<p>53\u00a0% des gar\u00e7ons de 6\u00a0\u00e0 12\u00a0ans jouent sur console<\/p>\n<p>60\u00a0% du temps de jeu a lieu en ligne<\/p>\n<h4><em><strong>Classement des trois titres les plus populaires chez les gar\u00e7ons de 6\u00a0\u00e0 12\u00a0ans\u00a0:<\/strong><\/em><\/h4>\n<p>Minecraft<\/p>\n<p>Fortnite<\/p>\n<p>Mario\u00a0Kart<\/p>\n<\/div><\/div><\/div>\n<h6><section class='content_section  in_menu' style=' padding-top:20px; padding-bottom:20px'><\/h6>\n<h6><\/section><\/h6>\n<div class=\"two_columns_50_50 clearfix\"><div class=\"column1\"><div class=\"column_inner\">\n<h3>Joueuses de 13\u00a0\u00e0 17\u00a0ans<\/h3>\n<p>79\u00a0% des adolescentes de 13\u00a0\u00e0 17\u00a0ans jouent \u00e0 des jeux vid\u00e9o<\/p>\n<p>Nombre moyen d\u2019heures de jeu par semaine\u00a0: 9,5<\/p>\n<p>47\u00a0% des adolescentes de 13\u00a0\u00e0 17\u00a0ans jouent sur mobile<\/p>\n<p>37\u00a0% des adolescentes de 13\u00a0\u00e0 17\u00a0ans jouent sur console<\/p>\n<p>48\u00a0% du temps de jeu a lieu en ligne<\/p>\n<h4><strong><em>Classement des trois titres les plus populaires chez les adolescentes de 13\u00a0\u00e0 17\u00a0ans\u00a0:<\/em><\/strong><\/h4>\n<p>Mario\u00a0Kart<\/p>\n<p>Fortnite<\/p>\n<p>Sims\u00a04<\/p>\n<\/div><\/div>\n<div class=\"column2\"><div class=\"column_inner\">\n<h3>Joueurs de 13\u00a0\u00e0 17\u00a0ans<\/h3>\n<p>95\u00a0% des adolescents de 13\u00a0\u00e0 17\u00a0ans jouent \u00e0 des jeux vid\u00e9o<\/p>\n<p>Nombre moyen d\u2019heures de jeu par semaine\u00a0: 21<\/p>\n<p>13\u00a0% des adolescents de 13\u00a0\u00e0 17\u00a0ans jouent sur mobile<\/p>\n<p>57\u00a0% des adolescents de 13\u00a0\u00e0 17\u00a0ans jouent sur console<\/p>\n<p>78\u00a0% du temps de jeu a lieu en ligne<\/p>\n<h4><em><strong>Classement des trois titres les plus populaires chez les adolescents de 13\u00a0\u00e0 17\u00a0ans\u00a0:<\/strong><\/em><\/h4>\n<p>Fortnite<\/p>\n<p>Call of Duty<\/p>\n<p>Minecraft \/ Grand Theft Auto<\/p>\n<\/div><\/div><\/div>\n<h6><section class='content_section  in_menu' style=' padding-top:20px; padding-bottom:20px'><\/h6>\n<h6><\/section><\/h6>\n<div class=\"two_columns_50_50 clearfix\"><div class=\"column1\"><div class=\"column_inner\">\n<h3>Joueuses de 18 \u00e0 34\u00a0ans<\/h3>\n<p>68\u00a0% des femmes de 18\u00a0\u00e0 34\u00a0ans jouent \u00e0 des jeux vid\u00e9o<\/p>\n<p>Nombre moyen d\u2019heures de jeu par semaine\u00a0: 8,5<\/p>\n<p>82\u00a0% des femmes de 18\u00a0\u00e0 34\u00a0ans jouent sur mobile<\/p>\n<p>63\u00a0% des femmes de 18\u00a0\u00e0 34\u00a0ans jouent sur console<\/p>\n<p>50\u00a0% du temps de jeu a lieu en ligne<\/p>\n<h4><em><strong>Classement des trois titres les plus populaires chez les femmes de 18\u00a0\u00e0 34\u00a0ans\u00a0:<\/strong><\/em><\/h4>\n<p>Mario\u00a0Kart<\/p>\n<p>Call of Duty<\/p>\n<p>Sims\u00a04<\/p>\n<\/div><\/div>\n<div class=\"column2\"><div class=\"column_inner\">\n<h3>Joueurs de 18\u00a0\u00e0 34\u00a0ans<\/h3>\n<p>89\u00a0% des hommes de 18\u00a0\u00e0 34\u00a0ans jouent \u00e0 des jeux vid\u00e9o<\/p>\n<p>Nombre moyen d\u2019heures de jeu par semaine\u00a0: 12<\/p>\n<p>71\u00a0% des hommes de 18\u00a0\u00e0 34\u00a0ans jouent sur mobile<\/p>\n<p>72\u00a0% des hommes de 18\u00a0\u00e0 34\u00a0ans jouent sur console<\/p>\n<p>63\u00a0% du temps de jeu a lieu en ligne<\/p>\n<h4><strong><em>Classement des trois titres les plus populaires chez les hommes de 18\u00a0\u00e0 34\u00a0ans\u00a0:<\/em><\/strong><\/h4>\n<p>Call of Duty<\/p>\n<p>FIFA\u00a020 \/ Grand Theft Auto<\/p>\n<p>NBA\u00a02K20<\/p>\n<\/div><\/div><\/div>\n<h6><section class='content_section  in_menu' style=' padding-top:20px; padding-bottom:20px'><\/h6>\n<h6><\/section><\/h6>\n<div class=\"two_columns_50_50 clearfix\"><div class=\"column1\"><div class=\"column_inner\">\n<h3>Joueuses de 35 \u00e0 54\u00a0ans<\/h3>\n<p>52\u00a0% des femmes de 35\u00a0\u00e0 54\u00a0ans jouent \u00e0 des jeux vid\u00e9o<\/p>\n<p>Nombre moyen d\u2019heures de jeu par semaine\u00a0: 8<\/p>\n<p>81\u00a0% des femmes de 35\u00a0\u00e0 54\u00a0ans jouent sur mobile<\/p>\n<p>42\u00a0% des femmes de 35\u00a0\u00e0 54\u00a0ans jouent sur console<\/p>\n<p>53\u00a0% du temps de jeu a lieu en ligne<\/p>\n<h4><strong><em>Classement des trois titres les plus populaires chez les femmes de 35\u00a0\u00e0 54\u00a0ans\u00a0:<\/em><\/strong><\/h4>\n<p>Solitaire<\/p>\n<p>Candy Crush<\/p>\n<p>Sudoku \/ Scrabble<\/p>\n<\/div><\/div>\n<div class=\"column2\"><div class=\"column_inner\">\n<h3>Joueurs de 35\u00a0\u00e0 54\u00a0ans<\/h3>\n<p>68\u00a0% des hommes de 35\u00a0\u00e0 54\u00a0ans jouent \u00e0 des jeux vid\u00e9o<\/p>\n<p>Nombre moyen d\u2019heures de jeu par semaine\u00a0: 8,5<\/p>\n<p>68\u00a0% des hommes de 35\u00a0\u00e0 54\u00a0ans jouent sur mobile<\/p>\n<p>62\u00a0% des hommes de 35\u00a0\u00e0 54\u00a0ans jouent sur console<\/p>\n<p>53\u00a0% du temps de jeu a lieu en ligne<\/p>\n<h4><strong><em>Classement des trois titres les plus populaires chez les hommes de 35\u00a0\u00e0 54\u00a0ans\u00a0:<\/em><\/strong><\/h4>\n<p>Call of Duty<\/p>\n<p>NHL\u00a020<\/p>\n<p>Madden\u00a020 \/ Mario Kart<\/p>\n<\/div><\/div><\/div> <strong>\u00a0<\/strong><\/p>\n<h6><section class='content_section  in_menu' style=' padding-top:20px; padding-bottom:20px'><\/h6>\n<h6><\/section><\/h6>\n<div class=\"two_columns_50_50 clearfix\"><div class=\"column1\"><div class=\"column_inner\">\n<h3>Joueuses de 55 \u00e0 64\u00a0ans<\/h3>\n<p>36\u00a0% des femmes de 55\u00a0\u00e0 64\u00a0ans jouent \u00e0 des jeux vid\u00e9o<\/p>\n<p>Nombre moyen d\u2019heures de jeu par semaine\u00a0: 8<\/p>\n<p>69\u00a0% des femmes de 55\u00a0\u00e0 64\u00a0ans jouent sur mobile<\/p>\n<p>20\u00a0% des femmes de 55\u00a0\u00e0 64\u00a0ans jouent sur console<\/p>\n<p>57\u00a0% du temps de jeu a lieu en ligne<\/p>\n<h4><em><strong>Classement des trois titres les plus populaires chez les femmes de 55\u00a0\u00e0 64\u00a0ans\u00a0:<\/strong><\/em><\/h4>\n<p>Solitaire<\/p>\n<p>Candy Crush<\/p>\n<p>Scrabble<\/p>\n<\/div><\/div>\n<div class=\"column2\"><div class=\"column_inner\">\n<h3>Joueurs de 55\u00a0\u00e0 64\u00a0ans<\/h3>\n<p>41\u00a0% des hommes de 55\u00a0\u00e0 64\u00a0ans jouent \u00e0 des jeux vid\u00e9o<\/p>\n<p>Nombre moyen d\u2019heures de jeu par semaine\u00a0: 9<\/p>\n<p>64\u00a0% des hommes de 55\u00a0\u00e0 64\u00a0ans jouent sur mobile<\/p>\n<p>36\u00a0% des hommes de 55\u00a0\u00e0 64\u00a0ans jouent sur console<\/p>\n<p>51\u00a0% du temps de jeu a lieu en ligne<\/p>\n<h4><em><strong>Classement des trois titres les plus populaires chez les hommes de 55\u00a0\u00e0 64\u00a0ans\u00a0:<\/strong><\/em><\/h4>\n<p>Solitaire<\/p>\n<p>Video Poker<\/p>\n<p>Sudoku<\/p>\n<\/div><\/div><\/div>\n<h6><section class='content_section  in_menu' style=' padding-top:20px; padding-bottom:20px'><\/h6>\n<h6><\/section><\/h6>\n","protected":false},"excerpt":{"rendered":"<p>Les Canadiens sont plus susceptibles de jouer \u00e0 des jeux \u00e0 la premi\u00e8re personne, \u00e0 des sports \u00e9lectroniques et \u00e0 des jeux de cartes en ligne; 40\u00a0% des joueurs adultes jouent seuls en ligne, 40\u00a0% jouent avec d\u2019autres personnes en ligne, 20\u00a0% jouent en ligne&#8230;<\/p>\n","protected":false},"author":1,"featured_media":0,"parent":0,"menu_order":0,"comment_status":"closed","ping_status":"closed","template":"","meta":[],"_links":{"self":[{"href":"https:\/\/essentialfacts2020.ca\/fr\/wp-json\/wp\/v2\/pages\/134\/"}],"collection":[{"href":"https:\/\/essentialfacts2020.ca\/fr\/wp-json\/wp\/v2\/pages\/"}],"about":[{"href":"https:\/\/essentialfacts2020.ca\/fr\/wp-json\/wp\/v2\/types\/page\/"}],"author":[{"embeddable":true,"href":"https:\/\/essentialfacts2020.ca\/fr\/wp-json\/wp\/v2\/users\/1\/"}],"replies":[{"embeddable":true,"href":"https:\/\/essentialfacts2020.ca\/fr\/wp-json\/wp\/v2\/comments\/?post=134"}],"version-history":[{"count":5,"href":"https:\/\/essentialfacts2020.ca\/fr\/wp-json\/wp\/v2\/pages\/134\/revisions\/"}],"predecessor-version":[{"id":465,"href":"https:\/\/essentialfacts2020.ca\/fr\/wp-json\/wp\/v2\/pages\/134\/revisions\/465\/"}],"wp:attachment":[{"href":"https:\/\/essentialfacts2020.ca\/fr\/wp-json\/wp\/v2\/media\/?parent=134"}],"curies":[{"name":"wp","href":"https:\/\/api.w.org\/{rel}","templated":true}]}}