{"id":137,"date":"2020-11-09T17:37:46","date_gmt":"2020-11-09T17:37:46","guid":{"rendered":"https:\/\/essentialfacts2020.ca\/?page_id=137"},"modified":"2020-11-19T06:51:40","modified_gmt":"2020-11-19T06:51:40","slug":"qui","status":"publish","type":"page","link":"https:\/\/essentialfacts2020.ca\/fr\/qui\/","title":{"rendered":"Avec qui jouent les Canadiens"},"content":{"rendered":"<h5>Les Canadiens jouent aux jeux vid\u00e9o pour rencontrer des gens, se divertir et garder le contact. Notre \u00e9tude r\u00e9v\u00e8le que les Canadiens jouent seuls \u00e0 74\u00a0%, tandis que 55\u00a0% jouent avec d\u2019autres personnes.<\/h5>\n<h6><section class='content_section  in_menu' style=' padding-top:20px; padding-bottom:20px'><\/h6>\n<h6><\/section><\/h6>\n<h3>Joueurs adultes (qui jouent avec d\u2019autres personnes)<\/h3>\n<h6><section class='content_section  in_menu' style=' padding-top:20px; padding-bottom:20px'><\/h6>\n<h6><\/section><\/h6>\n<div class=\"four_columns clearfix\"><div class=\"column1\"><div class=\"column_inner\">\n<div class='pie_chart_holder normal'><div class='percentage' data-percent='72' data-delay='' data-active='#CB836B' data-noactive='#F7E0CC' style='color: #000000;'><span class='tocounter' data-delay=''>72<\/span>%<\/div><div class='pie_chart_text'><h4>72% des joueurs adultes<\/h4> jouent aux jeux vid\u00e9o avec leurs amis <\/div><\/div>\n<\/div><\/div>\n<div class=\"column2\"><div class=\"column_inner\">\n<div class='pie_chart_holder normal'><div class='percentage' data-percent='35' data-delay='' data-active='#CB836B' data-noactive='#F7E0CC' style='color: #000000;'><span class='tocounter' data-delay=''>35<\/span>%<\/div><div class='pie_chart_text'><h4>35% des joueurs adultes<\/h4> jouent aux jeux vid\u00e9o avec leurs fr\u00e8res et s\u0153urs ou leurs cousins <\/div><\/div>\n<\/div><\/div>\n<div class=\"column3\"><div class=\"column_inner\">\n<div class='pie_chart_holder normal'><div class='percentage' data-percent='15' data-delay='' data-active='#CB836B' data-noactive='#F7E0CC' style='color: #000000;'><span class='tocounter' data-delay=''>15<\/span>%<\/div><div class='pie_chart_text'><h4>15% des joueurs adultes<\/h4> jouent aux jeux vid\u00e9o avec leurs parents <\/div><\/div>\n<\/div><\/div>\n<div class=\"column4\"><div class=\"column_inner\">\n<div class='pie_chart_holder normal'><div class='percentage' data-percent='34' data-delay='' data-active='#CB836B' data-noactive='#F7E0CC' style='color: #000000;'><span class='tocounter' data-delay=''>34<\/span>%<\/div><div class='pie_chart_text'><h4>34% des joueurs adultes<\/h4> jouent aux jeux vid\u00e9o avec leur conjoint ou partenaire <\/div><\/div>\n<\/div><\/div><\/div>\n<h6><section class='content_section  in_menu' style=' padding-top:20px; padding-bottom:20px'><\/h6>\n<h6><\/section><\/h6>\n","protected":false},"excerpt":{"rendered":"<p>Les Canadiens jouent aux jeux vid\u00e9o pour rencontrer des gens, se divertir et garder le contact. Notre \u00e9tude r\u00e9v\u00e8le que les Canadiens jouent seuls \u00e0 74\u00a0%, tandis que 55\u00a0% jouent avec d\u2019autres personnes. Joueurs adultes (qui jouent avec d\u2019autres personnes)<\/p>\n","protected":false},"author":1,"featured_media":0,"parent":0,"menu_order":0,"comment_status":"closed","ping_status":"closed","template":"","meta":[],"_links":{"self":[{"href":"https:\/\/essentialfacts2020.ca\/fr\/wp-json\/wp\/v2\/pages\/137\/"}],"collection":[{"href":"https:\/\/essentialfacts2020.ca\/fr\/wp-json\/wp\/v2\/pages\/"}],"about":[{"href":"https:\/\/essentialfacts2020.ca\/fr\/wp-json\/wp\/v2\/types\/page\/"}],"author":[{"embeddable":true,"href":"https:\/\/essentialfacts2020.ca\/fr\/wp-json\/wp\/v2\/users\/1\/"}],"replies":[{"embeddable":true,"href":"https:\/\/essentialfacts2020.ca\/fr\/wp-json\/wp\/v2\/comments\/?post=137"}],"version-history":[{"count":2,"href":"https:\/\/essentialfacts2020.ca\/fr\/wp-json\/wp\/v2\/pages\/137\/revisions\/"}],"predecessor-version":[{"id":425,"href":"https:\/\/essentialfacts2020.ca\/fr\/wp-json\/wp\/v2\/pages\/137\/revisions\/425\/"}],"wp:attachment":[{"href":"https:\/\/essentialfacts2020.ca\/fr\/wp-json\/wp\/v2\/media\/?parent=137"}],"curies":[{"name":"wp","href":"https:\/\/api.w.org\/{rel}","templated":true}]}}