{"id":139,"date":"2020-11-09T17:39:13","date_gmt":"2020-11-09T17:39:13","guid":{"rendered":"https:\/\/essentialfacts2020.ca\/?page_id=139"},"modified":"2020-11-19T08:21:42","modified_gmt":"2020-11-19T08:21:42","slug":"quest-ce-quun-vrai-canadien-gamer","status":"publish","type":"page","link":"https:\/\/essentialfacts2020.ca\/fr\/quest-ce-quun-vrai-canadien-gamer\/","title":{"rendered":"Qu&rsquo;est-ce qu&rsquo;un vrai gamer canadien?"},"content":{"rendered":"<h5>Le terme \u00ab gamer \u00bb est habituellement sujet \u00e0 d\u00e9bat dans le milieu du jeu vid\u00e9o. Nous avons voulu recueillir l\u2019avis de joueurs pour savoir ce qu\u2019ils pensaient de ce terme et s\u2019ils l\u2019utilisaient pour se d\u00e9crire. Voici ce que nous avons appris:<\/h5>\n<h5>Le terme \u00ab gamer \u00bb est tr\u00e8s bien accept\u00e9 chez les Canadiens de 13 \u00e0 17 ans tandis qu\u2019il l\u2019est moins chez les Canadiens de 55 \u00e0 65 ans. Il convient de noter que dans notre \u00e9tude, le terme \u00ab gamer \u00bb d\u00e9signe les femmes ou les hommes qui ont jou\u00e9 \u00e0 des jeux vid\u00e9o au cours des quatre derni\u00e8res semaines (au moment de l\u2019\u00e9tude). Tout au long du pr\u00e9sent rapport, nous utiliserons les termes \u00ab enfants \u00bb ou \u00ab joueurs enfants \u00bb (6-12 ans), \u00ab adolescents \u00bb ou \u00ab joueurs adolescents \u00bb (13-17 ans) et \u00ab adultes \u00bb ou \u00ab joueurs adultes \u00bb (18-34 ans, 35-54 ans et 55-64 ans) de fa\u00e7on interchangeable lorsqu\u2019il s\u2019agit de groupes d\u2019\u00e2ge pr\u00e9cis.<\/h5>\n<h6><section class='content_section  in_menu' style=' padding-top:50px; padding-bottom:50px'><\/h6>\n<h6><\/section><\/h6>\n<h3 style=\"text-align: center;\">Femmes<\/h3>\n<h6><section class='content_section  in_menu' style=' padding-top:50px; padding-bottom:50px'><\/h6>\n<div class=\"four_columns clearfix\"><div class=\"column1\"><div class=\"column_inner\">\n<div class='pie_chart_holder normal'><div class='percentage' data-percent='60' data-delay='' data-active='#CB836B' data-noactive='#F7E0CC' style='color: #000000;'><span class='tocounter' data-delay=''>60<\/span>%<\/div><div class='pie_chart_text'><h4><strong>60 % des adolescentes de 13 \u00e0 17 ans<\/strong> se consid\u00e8rent comme des gameuses<\/h4>\u00a0 <\/div><\/div>\n<\/div><\/div>\n<div class=\"column2\"><div class=\"column_inner\">\n\n\t\t\t\t\t<div class='pie_graf_holder'>\n\t\t\t\t\t\t<div class='pie_graf'>\n\t\t\t\t\t\t\t<canvas id='pie1638' height='200' width='200'><\/canvas>\n\t\t\t\t\t\t<\/div>\n\t\t\t\t\t\t<div class='pie_graf_legend'>\n\t\t\t\t\t\t\t<ul>\n\t\t\t\t\t\t\t\t<li>\n\t\t\t\t\t\t\t\t\t<div class='color_holder' style='background-color: #CB836B;'><\/div>\n\t\t\t\t\t\t\t\t\t<p style='color: #000000;'>30% aiment le terme<\/p>\n\t\t\t\t\t\t\t\t<\/li>\n\t\t\t\t\t\t\t\t<li>\n\t\t\t\t\t\t\t\t\t<div class='color_holder' style='background-color: #E8B084;'><\/div>\n\t\t\t\t\t\t\t\t\t<p style='color: #000000;'>50% sont indiff\u00e9rentes<\/p>\n\t\t\t\t\t\t\t\t<\/li>\n\t\t\t\t\t\t\t\t<li>\n\t\t\t\t\t\t\t\t\t<div class='color_holder' style='background-color: #E9D2B0;'><\/div>\n\t\t\t\t\t\t\t\t\t<p style='color: #000000;'>20% n\u2019aiment pas le terme<\/p>\n\t\t\t\t\t\t\t\t<\/li>\n\t\t\t\t\t\t\t<\/ul>\n\t\t\t\t\t\t<\/div>\n\t\t\t\t\t<\/div>\n\t\t\t\t\t<script>\n\t\t\t\t\t\tvar pie1638 = [\n\t\t\t\t\t\t\t{\n\t\t\t\t\t\t\t\tvalue: 30,\n\t\t\t\t\t\t\t\tcolor:'#CB836B'\n\t\t\t\t\t\t\t},\n\t\t\t\t\t\t\t{\n\t\t\t\t\t\t\t\tvalue: 50,\n\t\t\t\t\t\t\t\tcolor:'#E8B084'\n\t\t\t\t\t\t\t},\n\t\t\t\t\t\t\t{\n\t\t\t\t\t\t\t\tvalue: 20,\n\t\t\t\t\t\t\t\tcolor:'#E9D2B0'\n\t\t\t\t\t\t\t}\n\t\t\t\t\t\t];\n\t\t\t\t\t\tvar $j = jQuery.noConflict();\n\t\t\t\t\t\t$j(document).ready(function() {\n\t\t\t\t\t\t\tif($j('.touch .no_delay').length){\n\t\t\t\t\t\t\t\tnew Chart(document.getElementById('pie1638').getContext('2d')).Pie(pie1638,{segmentStrokeColor : 'transparent',});\n\t\t\t\t\t\t\t}else{\n\t\t\t\t\t\t\t\t$j('#pie1638').appear(function() {\n\t\t\t\t\t\t\t\t\tnew Chart(document.getElementById('pie1638').getContext('2d')).Pie(pie1638,{segmentStrokeColor : 'transparent',});\n\t\t\t\t\t\t\t\t},{accX: 0, accY: -200});\n\t\t\t\t\t\t\t}\n\t\t\t\t\t\t});\n\t\t\t\t\t<\/script>\n<\/div><\/div>\n<div class=\"column3\"><div class=\"column_inner\">\n<div class='pie_chart_holder normal'><div class='percentage' data-percent='58' data-delay='' data-active='#CB836B' data-noactive='#F7E0CC' style='color: #000000;'><span class='tocounter' data-delay=''>58<\/span>%<\/div><div class='pie_chart_text'><h4><strong>58% des femmes de 18 \u00e0 34 ans<\/strong> se consid\u00e8rent comme des gameuses<\/h4>\u00a0 <\/div><\/div>\n<\/div><\/div>\n<div class=\"column4\"><div class=\"column_inner\">\n\n\t\t\t\t\t<div class='pie_graf_holder'>\n\t\t\t\t\t\t<div class='pie_graf'>\n\t\t\t\t\t\t\t<canvas id='pie2808' height='200' width='200'><\/canvas>\n\t\t\t\t\t\t<\/div>\n\t\t\t\t\t\t<div class='pie_graf_legend'>\n\t\t\t\t\t\t\t<ul>\n\t\t\t\t\t\t\t\t<li>\n\t\t\t\t\t\t\t\t\t<div class='color_holder' style='background-color: #CB836B;'><\/div>\n\t\t\t\t\t\t\t\t\t<p style='color: #000000;'>35% aiment le terme<\/p>\n\t\t\t\t\t\t\t\t<\/li>\n\t\t\t\t\t\t\t\t<li>\n\t\t\t\t\t\t\t\t\t<div class='color_holder' style='background-color: #E8B084;'><\/div>\n\t\t\t\t\t\t\t\t\t<p style='color: #000000;'>55% sont indiff\u00e9rentes<\/p>\n\t\t\t\t\t\t\t\t<\/li>\n\t\t\t\t\t\t\t\t<li>\n\t\t\t\t\t\t\t\t\t<div class='color_holder' style='background-color: #E9D2B0;'><\/div>\n\t\t\t\t\t\t\t\t\t<p style='color: #000000;'>10% n\u2019aiment pas le terme<\/p>\n\t\t\t\t\t\t\t\t<\/li>\n\t\t\t\t\t\t\t<\/ul>\n\t\t\t\t\t\t<\/div>\n\t\t\t\t\t<\/div>\n\t\t\t\t\t<script>\n\t\t\t\t\t\tvar pie2808 = [\n\t\t\t\t\t\t\t{\n\t\t\t\t\t\t\t\tvalue: 35,\n\t\t\t\t\t\t\t\tcolor:'#CB836B'\n\t\t\t\t\t\t\t},\n\t\t\t\t\t\t\t{\n\t\t\t\t\t\t\t\tvalue: 55,\n\t\t\t\t\t\t\t\tcolor:'#E8B084'\n\t\t\t\t\t\t\t},\n\t\t\t\t\t\t\t{\n\t\t\t\t\t\t\t\tvalue: 10,\n\t\t\t\t\t\t\t\tcolor:'#E9D2B0'\n\t\t\t\t\t\t\t}\n\t\t\t\t\t\t];\n\t\t\t\t\t\tvar $j = jQuery.noConflict();\n\t\t\t\t\t\t$j(document).ready(function() {\n\t\t\t\t\t\t\tif($j('.touch .no_delay').length){\n\t\t\t\t\t\t\t\tnew Chart(document.getElementById('pie2808').getContext('2d')).Pie(pie2808,{segmentStrokeColor : 'transparent',});\n\t\t\t\t\t\t\t}else{\n\t\t\t\t\t\t\t\t$j('#pie2808').appear(function() {\n\t\t\t\t\t\t\t\t\tnew Chart(document.getElementById('pie2808').getContext('2d')).Pie(pie2808,{segmentStrokeColor : 'transparent',});\n\t\t\t\t\t\t\t\t},{accX: 0, accY: -200});\n\t\t\t\t\t\t\t}\n\t\t\t\t\t\t});\n\t\t\t\t\t<\/script>\n<\/div><\/div><\/div>\n<\/section>\n<h6><section class='content_section  in_menu' style=' padding-top:50px; padding-bottom:50px'><\/h6>\n<div class=\"four_columns clearfix\"><div class=\"column1\"><div class=\"column_inner\">\n<div class='pie_chart_holder normal'><div class='percentage' data-percent='42' data-delay='' data-active='#CB836B' data-noactive='#F7E0CC' style='color: #000000;'><span class='tocounter' data-delay=''>42<\/span>%<\/div><div class='pie_chart_text'><h4><strong>42% des femmes de 35 \u00e0 54 ans<\/strong> se consid\u00e8rent comme des gameuses<\/h4>\u00a0 <\/div><\/div>\n<\/div><\/div>\n<div class=\"column2\"><div class=\"column_inner\">\n\n\t\t\t\t\t<div class='pie_graf_holder'>\n\t\t\t\t\t\t<div class='pie_graf'>\n\t\t\t\t\t\t\t<canvas id='pie6740' height='200' width='200'><\/canvas>\n\t\t\t\t\t\t<\/div>\n\t\t\t\t\t\t<div class='pie_graf_legend'>\n\t\t\t\t\t\t\t<ul>\n\t\t\t\t\t\t\t\t<li>\n\t\t\t\t\t\t\t\t\t<div class='color_holder' style='background-color: #CB836B;'><\/div>\n\t\t\t\t\t\t\t\t\t<p style='color: #000000;'>23% aiment le terme<\/p>\n\t\t\t\t\t\t\t\t<\/li>\n\t\t\t\t\t\t\t\t<li>\n\t\t\t\t\t\t\t\t\t<div class='color_holder' style='background-color: #E8B084;'><\/div>\n\t\t\t\t\t\t\t\t\t<p style='color: #000000;'>57% sont indiff\u00e9rentes<\/p>\n\t\t\t\t\t\t\t\t<\/li>\n\t\t\t\t\t\t\t\t<li>\n\t\t\t\t\t\t\t\t\t<div class='color_holder' style='background-color: #E9D2B0;'><\/div>\n\t\t\t\t\t\t\t\t\t<p style='color: #000000;'>20% n\u2019aiment pas le terme<\/p>\n\t\t\t\t\t\t\t\t<\/li>\n\t\t\t\t\t\t\t<\/ul>\n\t\t\t\t\t\t<\/div>\n\t\t\t\t\t<\/div>\n\t\t\t\t\t<script>\n\t\t\t\t\t\tvar pie6740 = [\n\t\t\t\t\t\t\t{\n\t\t\t\t\t\t\t\tvalue: 23,\n\t\t\t\t\t\t\t\tcolor:'#CB836B'\n\t\t\t\t\t\t\t},\n\t\t\t\t\t\t\t{\n\t\t\t\t\t\t\t\tvalue: 57,\n\t\t\t\t\t\t\t\tcolor:'#E8B084'\n\t\t\t\t\t\t\t},\n\t\t\t\t\t\t\t{\n\t\t\t\t\t\t\t\tvalue: 20,\n\t\t\t\t\t\t\t\tcolor:'#E9D2B0'\n\t\t\t\t\t\t\t}\n\t\t\t\t\t\t];\n\t\t\t\t\t\tvar $j = jQuery.noConflict();\n\t\t\t\t\t\t$j(document).ready(function() {\n\t\t\t\t\t\t\tif($j('.touch .no_delay').length){\n\t\t\t\t\t\t\t\tnew Chart(document.getElementById('pie6740').getContext('2d')).Pie(pie6740,{segmentStrokeColor : 'transparent',});\n\t\t\t\t\t\t\t}else{\n\t\t\t\t\t\t\t\t$j('#pie6740').appear(function() {\n\t\t\t\t\t\t\t\t\tnew Chart(document.getElementById('pie6740').getContext('2d')).Pie(pie6740,{segmentStrokeColor : 'transparent',});\n\t\t\t\t\t\t\t\t},{accX: 0, accY: -200});\n\t\t\t\t\t\t\t}\n\t\t\t\t\t\t});\n\t\t\t\t\t<\/script>\n<\/div><\/div>\n<div class=\"column3\"><div class=\"column_inner\">\n<div class='pie_chart_holder normal'><div class='percentage' data-percent='29' data-delay='' data-active='#CB836B' data-noactive='#F7E0CC' style='color: #000000;'><span class='tocounter' data-delay=''>29<\/span>%<\/div><div class='pie_chart_text'><h4><strong>29% des femmes de 55 \u00e0 64 ans<\/strong> se consid\u00e8rent comme des gameuses<\/h4>\u00a0 <\/div><\/div>\n<\/div><\/div>\n<div class=\"column4\"><div class=\"column_inner\">\n\n\t\t\t\t\t<div class='pie_graf_holder'>\n\t\t\t\t\t\t<div class='pie_graf'>\n\t\t\t\t\t\t\t<canvas id='pie3599' height='200' width='200'><\/canvas>\n\t\t\t\t\t\t<\/div>\n\t\t\t\t\t\t<div class='pie_graf_legend'>\n\t\t\t\t\t\t\t<ul>\n\t\t\t\t\t\t\t\t<li>\n\t\t\t\t\t\t\t\t\t<div class='color_holder' style='background-color: #CB836B;'><\/div>\n\t\t\t\t\t\t\t\t\t<p style='color: #000000;'>16% aiment le terme<\/p>\n\t\t\t\t\t\t\t\t<\/li>\n\t\t\t\t\t\t\t\t<li>\n\t\t\t\t\t\t\t\t\t<div class='color_holder' style='background-color: #E8B084;'><\/div>\n\t\t\t\t\t\t\t\t\t<p style='color: #000000;'>60% sont indiff\u00e9rentes<\/p>\n\t\t\t\t\t\t\t\t<\/li>\n\t\t\t\t\t\t\t\t<li>\n\t\t\t\t\t\t\t\t\t<div class='color_holder' style='background-color: #E9D2B0;'><\/div>\n\t\t\t\t\t\t\t\t\t<p style='color: #000000;'>24% n\u2019aiment pas le terme<\/p>\n\t\t\t\t\t\t\t\t<\/li>\n\t\t\t\t\t\t\t<\/ul>\n\t\t\t\t\t\t<\/div>\n\t\t\t\t\t<\/div>\n\t\t\t\t\t<script>\n\t\t\t\t\t\tvar pie3599 = [\n\t\t\t\t\t\t\t{\n\t\t\t\t\t\t\t\tvalue: 16,\n\t\t\t\t\t\t\t\tcolor:'#CB836B'\n\t\t\t\t\t\t\t},\n\t\t\t\t\t\t\t{\n\t\t\t\t\t\t\t\tvalue: 60,\n\t\t\t\t\t\t\t\tcolor:'#E8B084'\n\t\t\t\t\t\t\t},\n\t\t\t\t\t\t\t{\n\t\t\t\t\t\t\t\tvalue: 24,\n\t\t\t\t\t\t\t\tcolor:'#E9D2B0'\n\t\t\t\t\t\t\t}\n\t\t\t\t\t\t];\n\t\t\t\t\t\tvar $j = jQuery.noConflict();\n\t\t\t\t\t\t$j(document).ready(function() {\n\t\t\t\t\t\t\tif($j('.touch .no_delay').length){\n\t\t\t\t\t\t\t\tnew Chart(document.getElementById('pie3599').getContext('2d')).Pie(pie3599,{segmentStrokeColor : 'transparent',});\n\t\t\t\t\t\t\t}else{\n\t\t\t\t\t\t\t\t$j('#pie3599').appear(function() {\n\t\t\t\t\t\t\t\t\tnew Chart(document.getElementById('pie3599').getContext('2d')).Pie(pie3599,{segmentStrokeColor : 'transparent',});\n\t\t\t\t\t\t\t\t},{accX: 0, accY: -200});\n\t\t\t\t\t\t\t}\n\t\t\t\t\t\t});\n\t\t\t\t\t<\/script>\n<\/div><\/div><\/div>\n<\/section>\n<h6><section class='content_section  in_menu' style=' padding-top:50px; padding-bottom:50px'><\/h6>\n<h6><\/section><\/h6>\n<h3 style=\"text-align: center;\">Hommes<\/h3>\n<h6><section class='content_section  in_menu' style=' padding-top:50px; padding-bottom:50px'><\/h6>\n<div class=\"four_columns clearfix\"><div class=\"column1\"><div class=\"column_inner\">\n<div class='pie_chart_holder normal'><div class='percentage' data-percent='90' data-delay='' data-active='#CB836B' data-noactive='#F7E0CC' style='color: #000000;'><span class='tocounter' data-delay=''>90<\/span>%<\/div><div class='pie_chart_text'><h4><strong>90% des adolescents de 13 \u00e0 17 ans<\/strong> se consid\u00e8rent comme des gamers<\/h4>\u00a0 <\/div><\/div>\n<\/div><\/div>\n<div class=\"column2\"><div class=\"column_inner\">\n\n\t\t\t\t\t<div class='pie_graf_holder'>\n\t\t\t\t\t\t<div class='pie_graf'>\n\t\t\t\t\t\t\t<canvas id='pie1501' height='200' width='200'><\/canvas>\n\t\t\t\t\t\t<\/div>\n\t\t\t\t\t\t<div class='pie_graf_legend'>\n\t\t\t\t\t\t\t<ul>\n\t\t\t\t\t\t\t\t<li>\n\t\t\t\t\t\t\t\t\t<div class='color_holder' style='background-color: #CB836B;'><\/div>\n\t\t\t\t\t\t\t\t\t<p style='color: #000000;'>52% aiment le terme<\/p>\n\t\t\t\t\t\t\t\t<\/li>\n\t\t\t\t\t\t\t\t<li>\n\t\t\t\t\t\t\t\t\t<div class='color_holder' style='background-color: #E8B084;'><\/div>\n\t\t\t\t\t\t\t\t\t<p style='color: #000000;'>41% sont indiff\u00e9rentes<\/p>\n\t\t\t\t\t\t\t\t<\/li>\n\t\t\t\t\t\t\t\t<li>\n\t\t\t\t\t\t\t\t\t<div class='color_holder' style='background-color: #E9D2B0;'><\/div>\n\t\t\t\t\t\t\t\t\t<p style='color: #000000;'>6% n\u2019aiment pas le terme<\/p>\n\t\t\t\t\t\t\t\t<\/li>\n\t\t\t\t\t\t\t<\/ul>\n\t\t\t\t\t\t<\/div>\n\t\t\t\t\t<\/div>\n\t\t\t\t\t<script>\n\t\t\t\t\t\tvar pie1501 = [\n\t\t\t\t\t\t\t{\n\t\t\t\t\t\t\t\tvalue: 52,\n\t\t\t\t\t\t\t\tcolor:'#CB836B'\n\t\t\t\t\t\t\t},\n\t\t\t\t\t\t\t{\n\t\t\t\t\t\t\t\tvalue: 41,\n\t\t\t\t\t\t\t\tcolor:'#E8B084'\n\t\t\t\t\t\t\t},\n\t\t\t\t\t\t\t{\n\t\t\t\t\t\t\t\tvalue: 6,\n\t\t\t\t\t\t\t\tcolor:'#E9D2B0'\n\t\t\t\t\t\t\t}\n\t\t\t\t\t\t];\n\t\t\t\t\t\tvar $j = jQuery.noConflict();\n\t\t\t\t\t\t$j(document).ready(function() {\n\t\t\t\t\t\t\tif($j('.touch .no_delay').length){\n\t\t\t\t\t\t\t\tnew Chart(document.getElementById('pie1501').getContext('2d')).Pie(pie1501,{segmentStrokeColor : 'transparent',});\n\t\t\t\t\t\t\t}else{\n\t\t\t\t\t\t\t\t$j('#pie1501').appear(function() {\n\t\t\t\t\t\t\t\t\tnew Chart(document.getElementById('pie1501').getContext('2d')).Pie(pie1501,{segmentStrokeColor : 'transparent',});\n\t\t\t\t\t\t\t\t},{accX: 0, accY: -200});\n\t\t\t\t\t\t\t}\n\t\t\t\t\t\t});\n\t\t\t\t\t<\/script>\n<\/div><\/div>\n<div class=\"column3\"><div class=\"column_inner\">\n<div class='pie_chart_holder normal'><div class='percentage' data-percent='82' data-delay='' data-active='#CB836B' data-noactive='#F7E0CC' style='color: #000000;'><span class='tocounter' data-delay=''>82<\/span>%<\/div><div class='pie_chart_text'><h4><strong>82% des hommes de 18 \u00e0 34 ans<\/strong> se consid\u00e8rent comme des gamers<\/h4>\u00a0 <\/div><\/div>\n<\/div><\/div>\n<div class=\"column4\"><div class=\"column_inner\">\n\n\t\t\t\t\t<div class='pie_graf_holder'>\n\t\t\t\t\t\t<div class='pie_graf'>\n\t\t\t\t\t\t\t<canvas id='pie7279' height='200' width='200'><\/canvas>\n\t\t\t\t\t\t<\/div>\n\t\t\t\t\t\t<div class='pie_graf_legend'>\n\t\t\t\t\t\t\t<ul>\n\t\t\t\t\t\t\t\t<li>\n\t\t\t\t\t\t\t\t\t<div class='color_holder' style='background-color: #CB836B;'><\/div>\n\t\t\t\t\t\t\t\t\t<p style='color: #000000;'>57% aiment le terme<\/p>\n\t\t\t\t\t\t\t\t<\/li>\n\t\t\t\t\t\t\t\t<li>\n\t\t\t\t\t\t\t\t\t<div class='color_holder' style='background-color: #E8B084;'><\/div>\n\t\t\t\t\t\t\t\t\t<p style='color: #000000;'>36% sont indiff\u00e9rentes<\/p>\n\t\t\t\t\t\t\t\t<\/li>\n\t\t\t\t\t\t\t\t<li>\n\t\t\t\t\t\t\t\t\t<div class='color_holder' style='background-color: #E9D2B0;'><\/div>\n\t\t\t\t\t\t\t\t\t<p style='color: #000000;'>7% n\u2019aiment pas le terme<\/p>\n\t\t\t\t\t\t\t\t<\/li>\n\t\t\t\t\t\t\t<\/ul>\n\t\t\t\t\t\t<\/div>\n\t\t\t\t\t<\/div>\n\t\t\t\t\t<script>\n\t\t\t\t\t\tvar pie7279 = [\n\t\t\t\t\t\t\t{\n\t\t\t\t\t\t\t\tvalue: 57,\n\t\t\t\t\t\t\t\tcolor:'#CB836B'\n\t\t\t\t\t\t\t},\n\t\t\t\t\t\t\t{\n\t\t\t\t\t\t\t\tvalue: 36,\n\t\t\t\t\t\t\t\tcolor:'#E8B084'\n\t\t\t\t\t\t\t},\n\t\t\t\t\t\t\t{\n\t\t\t\t\t\t\t\tvalue: 7,\n\t\t\t\t\t\t\t\tcolor:'#E9D2B0'\n\t\t\t\t\t\t\t}\n\t\t\t\t\t\t];\n\t\t\t\t\t\tvar $j = jQuery.noConflict();\n\t\t\t\t\t\t$j(document).ready(function() {\n\t\t\t\t\t\t\tif($j('.touch .no_delay').length){\n\t\t\t\t\t\t\t\tnew Chart(document.getElementById('pie7279').getContext('2d')).Pie(pie7279,{segmentStrokeColor : 'transparent',});\n\t\t\t\t\t\t\t}else{\n\t\t\t\t\t\t\t\t$j('#pie7279').appear(function() {\n\t\t\t\t\t\t\t\t\tnew Chart(document.getElementById('pie7279').getContext('2d')).Pie(pie7279,{segmentStrokeColor : 'transparent',});\n\t\t\t\t\t\t\t\t},{accX: 0, accY: -200});\n\t\t\t\t\t\t\t}\n\t\t\t\t\t\t});\n\t\t\t\t\t<\/script>\n<\/div><\/div><\/div>\n<\/section>\n<h6><section class='content_section  in_menu' style=' padding-top:50px; padding-bottom:50px'><\/h6>\n<div class=\"four_columns clearfix\"><div class=\"column1\"><div class=\"column_inner\">\n<div class='pie_chart_holder normal'><div class='percentage' data-percent='64' data-delay='' data-active='#CB836B' data-noactive='#F7E0CC' style='color: #000000;'><span class='tocounter' data-delay=''>64<\/span>%<\/div><div class='pie_chart_text'><h4><strong>64% des hommes de 35 \u00e0 54 ans<\/strong> se consid\u00e8rent comme des gamers<\/h4>\u00a0 <\/div><\/div>\n<\/div><\/div>\n<div class=\"column2\"><div class=\"column_inner\">\n\n\t\t\t\t\t<div class='pie_graf_holder'>\n\t\t\t\t\t\t<div class='pie_graf'>\n\t\t\t\t\t\t\t<canvas id='pie8889' height='200' width='200'><\/canvas>\n\t\t\t\t\t\t<\/div>\n\t\t\t\t\t\t<div class='pie_graf_legend'>\n\t\t\t\t\t\t\t<ul>\n\t\t\t\t\t\t\t\t<li>\n\t\t\t\t\t\t\t\t\t<div class='color_holder' style='background-color: #CB836B;'><\/div>\n\t\t\t\t\t\t\t\t\t<p style='color: #000000;'>29% aiment le terme<\/p>\n\t\t\t\t\t\t\t\t<\/li>\n\t\t\t\t\t\t\t\t<li>\n\t\t\t\t\t\t\t\t\t<div class='color_holder' style='background-color: #E8B084;'><\/div>\n\t\t\t\t\t\t\t\t\t<p style='color: #000000;'>61% sont indiff\u00e9rentes<\/p>\n\t\t\t\t\t\t\t\t<\/li>\n\t\t\t\t\t\t\t\t<li>\n\t\t\t\t\t\t\t\t\t<div class='color_holder' style='background-color: #E9D2B0;'><\/div>\n\t\t\t\t\t\t\t\t\t<p style='color: #000000;'>10% n\u2019aiment pas le terme<\/p>\n\t\t\t\t\t\t\t\t<\/li>\n\t\t\t\t\t\t\t<\/ul>\n\t\t\t\t\t\t<\/div>\n\t\t\t\t\t<\/div>\n\t\t\t\t\t<script>\n\t\t\t\t\t\tvar pie8889 = [\n\t\t\t\t\t\t\t{\n\t\t\t\t\t\t\t\tvalue: 29,\n\t\t\t\t\t\t\t\tcolor:'#CB836B'\n\t\t\t\t\t\t\t},\n\t\t\t\t\t\t\t{\n\t\t\t\t\t\t\t\tvalue: 61,\n\t\t\t\t\t\t\t\tcolor:'#E8B084'\n\t\t\t\t\t\t\t},\n\t\t\t\t\t\t\t{\n\t\t\t\t\t\t\t\tvalue: 10,\n\t\t\t\t\t\t\t\tcolor:'#E9D2B0'\n\t\t\t\t\t\t\t}\n\t\t\t\t\t\t];\n\t\t\t\t\t\tvar $j = jQuery.noConflict();\n\t\t\t\t\t\t$j(document).ready(function() {\n\t\t\t\t\t\t\tif($j('.touch .no_delay').length){\n\t\t\t\t\t\t\t\tnew Chart(document.getElementById('pie8889').getContext('2d')).Pie(pie8889,{segmentStrokeColor : 'transparent',});\n\t\t\t\t\t\t\t}else{\n\t\t\t\t\t\t\t\t$j('#pie8889').appear(function() {\n\t\t\t\t\t\t\t\t\tnew Chart(document.getElementById('pie8889').getContext('2d')).Pie(pie8889,{segmentStrokeColor : 'transparent',});\n\t\t\t\t\t\t\t\t},{accX: 0, accY: -200});\n\t\t\t\t\t\t\t}\n\t\t\t\t\t\t});\n\t\t\t\t\t<\/script>\n<\/div><\/div>\n<div class=\"column3\"><div class=\"column_inner\">\n<div class='pie_chart_holder normal'><div class='percentage' data-percent='45' data-delay='' data-active='#CB836B' data-noactive='#F7E0CC' style='color: #000000;'><span class='tocounter' data-delay=''>45<\/span>%<\/div><div class='pie_chart_text'><h4><strong>45% des hommes de 55 \u00e0 64 ans<\/strong> se consid\u00e8rent comme des gamers<\/h4>\u00a0 <\/div><\/div>\n<\/div><\/div>\n<div class=\"column4\"><div class=\"column_inner\">\n\n\t\t\t\t\t<div class='pie_graf_holder'>\n\t\t\t\t\t\t<div class='pie_graf'>\n\t\t\t\t\t\t\t<canvas id='pie2489' height='200' width='200'><\/canvas>\n\t\t\t\t\t\t<\/div>\n\t\t\t\t\t\t<div class='pie_graf_legend'>\n\t\t\t\t\t\t\t<ul>\n\t\t\t\t\t\t\t\t<li>\n\t\t\t\t\t\t\t\t\t<div class='color_holder' style='background-color: #CB836B;'><\/div>\n\t\t\t\t\t\t\t\t\t<p style='color: #000000;'>15% aiment le terme<\/p>\n\t\t\t\t\t\t\t\t<\/li>\n\t\t\t\t\t\t\t\t<li>\n\t\t\t\t\t\t\t\t\t<div class='color_holder' style='background-color: #E8B084;'><\/div>\n\t\t\t\t\t\t\t\t\t<p style='color: #000000;'>77% sont indiff\u00e9rentes<\/p>\n\t\t\t\t\t\t\t\t<\/li>\n\t\t\t\t\t\t\t\t<li>\n\t\t\t\t\t\t\t\t\t<div class='color_holder' style='background-color: #E9D2B0;'><\/div>\n\t\t\t\t\t\t\t\t\t<p style='color: #000000;'>8% n\u2019aiment pas le terme<\/p>\n\t\t\t\t\t\t\t\t<\/li>\n\t\t\t\t\t\t\t<\/ul>\n\t\t\t\t\t\t<\/div>\n\t\t\t\t\t<\/div>\n\t\t\t\t\t<script>\n\t\t\t\t\t\tvar pie2489 = [\n\t\t\t\t\t\t\t{\n\t\t\t\t\t\t\t\tvalue: 15,\n\t\t\t\t\t\t\t\tcolor:'#CB836B'\n\t\t\t\t\t\t\t},\n\t\t\t\t\t\t\t{\n\t\t\t\t\t\t\t\tvalue: 77,\n\t\t\t\t\t\t\t\tcolor:'#E8B084'\n\t\t\t\t\t\t\t},\n\t\t\t\t\t\t\t{\n\t\t\t\t\t\t\t\tvalue: 8,\n\t\t\t\t\t\t\t\tcolor:'#E9D2B0'\n\t\t\t\t\t\t\t}\n\t\t\t\t\t\t];\n\t\t\t\t\t\tvar $j = jQuery.noConflict();\n\t\t\t\t\t\t$j(document).ready(function() {\n\t\t\t\t\t\t\tif($j('.touch .no_delay').length){\n\t\t\t\t\t\t\t\tnew Chart(document.getElementById('pie2489').getContext('2d')).Pie(pie2489,{segmentStrokeColor : 'transparent',});\n\t\t\t\t\t\t\t}else{\n\t\t\t\t\t\t\t\t$j('#pie2489').appear(function() {\n\t\t\t\t\t\t\t\t\tnew Chart(document.getElementById('pie2489').getContext('2d')).Pie(pie2489,{segmentStrokeColor : 'transparent',});\n\t\t\t\t\t\t\t\t},{accX: 0, accY: -200});\n\t\t\t\t\t\t\t}\n\t\t\t\t\t\t});\n\t\t\t\t\t<\/script>\n<\/div><\/div><\/div>\n<\/section>\n<h6><section class='content_section  in_menu' style=' padding-top:50px; padding-bottom:50px'><\/h6>\n<div class=\"two_columns_50_50 clearfix\"><div class=\"column1\"><div class=\"column_inner\">\n<h4 style=\"text-align: center;\">Nombre total de Canadiens qui jouent \u00e0 des jeux vid\u00e9o<\/h4>\n<div class=\"counter_holder center\"style=\"color:#CB836B; font-size:150px;\"><span class=\"counter type2\" data-delay=\"\"style=\"height:150px; line-height:150px;\">23<\/span>\n<h4>Millions<\/h4>\n<\/div>\n<\/div><\/div>\n<div class=\"column2\"><div class=\"column_inner\">\n<h4 style=\"text-align: center;\">Pourcentage de Canadiens qui jouent \u00e0 des jeux vid\u00e9o<\/h4>\n<div class='pie_chart_holder normal'><div class='percentage' data-percent='61' data-delay='' data-active='#CB836B' data-noactive='#F7E0CC' style='color: #000000;'><span class='tocounter' data-delay=''>61<\/span>%<\/div><div class='pie_chart_text'><h4>61% de Canadiens<\/h4> jouent des jeux vid\u00e9o <\/div><\/div>\n<\/div><\/div><\/div>\n<\/section>\n<h6><section class='content_section  in_menu' style=' padding-top:50px; padding-bottom:50px'><\/h6>\n<h3 style=\"text-align: center;\">R\u00e9partition par \u00e2ge des joueurs canadiens<\/h3>\n<div class=\"two_columns_50_50 clearfix\"><div class=\"column1\"><div class=\"column_inner\">\n<h4 style=\"text-align: center;\">De 18\u00a0\u00e0 64\u00a0ans<\/h4>\n<div class='pie_chart_holder normal'><div class='percentage' data-percent='61' data-delay='' data-active='#CB836B' data-noactive='#F7E0CC' style='color: #000000;'><span class='tocounter' data-delay=''>61<\/span>%<\/div><div class='pie_chart_text'><h4>61% des adultes canadiens de moins de 65 ans jouent \u00e0 des jeux vid\u00e9o<\/h4> <\/div><\/div>\n<\/div><\/div>\n<div class=\"column2\"><div class=\"column_inner\">\n<h4 style=\"text-align: center;\">De 6\u00a0\u00e0 17\u00a0ans<\/h4>\n<div class='pie_chart_holder normal'><div class='percentage' data-percent='89' data-delay='' data-active='#CB836B' data-noactive='#F7E0CC' style='color: #000000;'><span class='tocounter' data-delay=''>89<\/span>%<\/div><div class='pie_chart_text'><h4>89% des enfants et adolescents canadiens jouent \u00e0 des jeux vid\u00e9o<\/h4>\u00a0 <\/div><\/div>\n<\/div><\/div><\/div>\n<\/section>\n<h6><section class='content_section  in_menu' style=' padding-top:50px; padding-bottom:50px'><\/h6>\n<h3 style=\"text-align: center;\">\u00c2ge moyen du joueur canadien<\/h3>\n<div class=\"counter_holder center\"style=\"color:#CB836B; font-size:150px;\"><span class=\"counter type2\" data-delay=\"\"style=\"height:150px; line-height:150px;\">34<\/span>\n<h4 style=\"text-align: center;\">\u00c2ge moyen<\/h4>\n<\/div>\n<\/section>\n<h6><section class='content_section  in_menu' style=' padding-top:50px; padding-bottom:50px'><\/h6>\n<h3 style=\"text-align: center;\">Pour l\u2019ensemble des joueurs canadiens<\/h3>\n<div class=\"two_columns_50_50 clearfix\"><div class=\"column1\"><div class=\"column_inner\">\n<div class='pie_chart_holder normal'><div class='percentage' data-percent='50' data-delay='' data-active='#CB836B' data-noactive='#F7E0CC' style='color: #000000;'><span class='tocounter' data-delay=''>50<\/span>%<\/div><div class='pie_chart_text'><h4>50% sont des femmes<\/h4> <\/div><\/div>\n<\/div><\/div>\n<div class=\"column2\"><div class=\"column_inner\">\n<div class='pie_chart_holder normal'><div class='percentage' data-percent='50' data-delay='' data-active='#CB836B' data-noactive='#F7E0CC' style='color: #000000;'><span class='tocounter' data-delay=''>50<\/span>%<\/div><div class='pie_chart_text'><h4>50% sont des hommes<\/h4> <\/div><\/div>\n<\/div><\/div><\/div>\n<\/section>\n<h6><section class='content_section  in_menu' style=' padding-top:50px; padding-bottom:50px'><\/h6>\n<h6><\/section><\/h6>\n","protected":false},"excerpt":{"rendered":"<p>Le terme \u00ab gamer \u00bb est habituellement sujet \u00e0 d\u00e9bat dans le milieu du jeu vid\u00e9o. Nous avons voulu recueillir l\u2019avis de joueurs pour savoir ce qu\u2019ils pensaient de ce terme et s\u2019ils l\u2019utilisaient pour se d\u00e9crire. Voici ce que nous avons appris: Le terme&#8230;<\/p>\n","protected":false},"author":1,"featured_media":0,"parent":0,"menu_order":1,"comment_status":"closed","ping_status":"closed","template":"","meta":[],"_links":{"self":[{"href":"https:\/\/essentialfacts2020.ca\/fr\/wp-json\/wp\/v2\/pages\/139\/"}],"collection":[{"href":"https:\/\/essentialfacts2020.ca\/fr\/wp-json\/wp\/v2\/pages\/"}],"about":[{"href":"https:\/\/essentialfacts2020.ca\/fr\/wp-json\/wp\/v2\/types\/page\/"}],"author":[{"embeddable":true,"href":"https:\/\/essentialfacts2020.ca\/fr\/wp-json\/wp\/v2\/users\/1\/"}],"replies":[{"embeddable":true,"href":"https:\/\/essentialfacts2020.ca\/fr\/wp-json\/wp\/v2\/comments\/?post=139"}],"version-history":[{"count":11,"href":"https:\/\/essentialfacts2020.ca\/fr\/wp-json\/wp\/v2\/pages\/139\/revisions\/"}],"predecessor-version":[{"id":488,"href":"https:\/\/essentialfacts2020.ca\/fr\/wp-json\/wp\/v2\/pages\/139\/revisions\/488\/"}],"wp:attachment":[{"href":"https:\/\/essentialfacts2020.ca\/fr\/wp-json\/wp\/v2\/media\/?parent=139"}],"curies":[{"name":"wp","href":"https:\/\/api.w.org\/{rel}","templated":true}]}}