{"id":141,"date":"2020-11-09T17:40:17","date_gmt":"2020-11-09T17:40:17","guid":{"rendered":"https:\/\/essentialfacts2020.ca\/?page_id=141"},"modified":"2020-11-19T06:56:58","modified_gmt":"2020-11-19T06:56:58","slug":"pourquoi-les-canadiens-jouent","status":"publish","type":"page","link":"https:\/\/essentialfacts2020.ca\/fr\/pourquoi-les-canadiens-jouent\/","title":{"rendered":"Pourquoi jouent les Canadiens"},"content":{"rendered":"<h5>Lorsqu\u2019on leur a demand\u00e9 comment les jeux vid\u00e9o les avaient aid\u00e9s depuis le d\u00e9but de la pand\u00e9mie, les Canadiens ont fait part de leurs exp\u00e9riences propres et montr\u00e9 \u00e0 quel point le jeu vid\u00e9o avait incontestablement \u00e9gay\u00e9 leur quotidien en ces temps difficiles. Les Canadiens trouvent que les jeux vid\u00e9o les aident \u00e0 se d\u00e9tendre et \u00e0 s\u2019occuper pendant la quarantaine.<\/h5>\n<h5>Cinquante-sept\u00a0pour cent (57\u00a0%) des joueurs adultes ont d\u00e9clar\u00e9 que jouer \u00e0 des jeux vid\u00e9o pendant le confinement \u00e9tait b\u00e9n\u00e9fique pour leur sant\u00e9 mentale. Ce pourcentage est encore plus \u00e9lev\u00e9 chez les joueurs adolescents, qui ont d\u00e9clar\u00e9 \u00e0 65\u00a0% avoir une meilleure sant\u00e9 mentale gr\u00e2ce aux jeux vid\u00e9o.<\/h5>\n<h5>Quarante-trois\u00a0pour cent (43\u00a0%) des joueurs adultes ont d\u00e9clar\u00e9 que les jeux vid\u00e9o les ont aid\u00e9s \u00e0 rester en contact avec leurs amis pendant le confinement. Ce pourcentage atteint 70\u00a0% chez les joueurs adolescents interrog\u00e9s.<\/h5>\n<h5>Les parents constatent que le jeu vid\u00e9o leur permet de passer plus de temps avec leurs enfants. Les familles et les proches aiment jouer ensemble et trouvent que cela les aide \u00e0 rester en contact s\u2019ils habitent loin les uns des autres.<\/h5>\n<h6><section class='content_section  in_menu' style=' padding-top:20px; padding-bottom:20px'><\/h6>\n<h6><\/section><\/h6>\n<h3><strong>Le march\u00e9 canadien des jeux vid\u00e9o<\/strong><\/h3>\n<h6><section class='content_section  in_menu' style=' padding-top:10px; padding-bottom:10px'><\/h6>\n<h6><\/section><\/h6>\n<h5>Les ventes de mat\u00e9riel pour consoles de jeu ont augment\u00e9 de 58\u00a0% d\u2019une ann\u00e9e sur l\u2019autre et repr\u00e9sentent 43\u00a0% de tous les gains en dollars. Pr\u00e8s de 250\u00a0000\u00a0unit\u00e9s suppl\u00e9mentaires ont \u00e9t\u00e9 vendues cette ann\u00e9e par rapport \u00e0 l\u2019an dernier. Chaque cat\u00e9gorie affiche une augmentation\u00a0: logiciels, consoles et cartes de jeu. Les logiciels, \u00e0 la fois physiques et num\u00e9riques, repr\u00e9sentent 40\u00a0% de tous les gains.<\/h5>\n","protected":false},"excerpt":{"rendered":"<p>Lorsqu\u2019on leur a demand\u00e9 comment les jeux vid\u00e9o les avaient aid\u00e9s depuis le d\u00e9but de la pand\u00e9mie, les Canadiens ont fait part de leurs exp\u00e9riences propres et montr\u00e9 \u00e0 quel point le jeu vid\u00e9o avait incontestablement \u00e9gay\u00e9 leur quotidien en ces temps difficiles. Les Canadiens&#8230;<\/p>\n","protected":false},"author":1,"featured_media":0,"parent":0,"menu_order":0,"comment_status":"closed","ping_status":"closed","template":"","meta":[],"_links":{"self":[{"href":"https:\/\/essentialfacts2020.ca\/fr\/wp-json\/wp\/v2\/pages\/141\/"}],"collection":[{"href":"https:\/\/essentialfacts2020.ca\/fr\/wp-json\/wp\/v2\/pages\/"}],"about":[{"href":"https:\/\/essentialfacts2020.ca\/fr\/wp-json\/wp\/v2\/types\/page\/"}],"author":[{"embeddable":true,"href":"https:\/\/essentialfacts2020.ca\/fr\/wp-json\/wp\/v2\/users\/1\/"}],"replies":[{"embeddable":true,"href":"https:\/\/essentialfacts2020.ca\/fr\/wp-json\/wp\/v2\/comments\/?post=141"}],"version-history":[{"count":5,"href":"https:\/\/essentialfacts2020.ca\/fr\/wp-json\/wp\/v2\/pages\/141\/revisions\/"}],"predecessor-version":[{"id":431,"href":"https:\/\/essentialfacts2020.ca\/fr\/wp-json\/wp\/v2\/pages\/141\/revisions\/431\/"}],"wp:attachment":[{"href":"https:\/\/essentialfacts2020.ca\/fr\/wp-json\/wp\/v2\/media\/?parent=141"}],"curies":[{"name":"wp","href":"https:\/\/api.w.org\/{rel}","templated":true}]}}