{"id":143,"date":"2020-11-09T17:41:24","date_gmt":"2020-11-09T17:41:24","guid":{"rendered":"https:\/\/essentialfacts2020.ca\/?page_id=143"},"modified":"2020-11-19T07:49:41","modified_gmt":"2020-11-19T07:49:41","slug":"la-carte-interactive","status":"publish","type":"page","link":"https:\/\/essentialfacts2020.ca\/fr\/la-carte-interactive\/","title":{"rendered":"O\u00f9 jouent les Canadiens"},"content":{"rendered":"<h5>Les Canadiens des quatre coins du pays aiment les jeux vid\u00e9o. L\u2019\u00e2ge moyen des joueurs adultes (18-64\u00a0ans) au Canada est de 38\u00a0ans. D\u2019apr\u00e8s nos recherches, ce sont les Saskatchewanais qui jouent le plus, avec une moyenne de 10\u00a0heures de jeu.<\/h5>\n<h6><section class='content_section  in_menu' style=' padding-top:20px; padding-bottom:20px'><\/h6>\n<h6><\/section><\/h6>\n\n\n<div class=\"wp-block-interactive-geo-maps-display-map\"><div class=\"map_wrapper\" id=\"map_wrapper_155\">\n\t\t\t\t<div class=\"map_box\" style=\"max-width:2200px\">\n\t\t\t\t\t\n\t\t\t\t\t<div class=\"map_aspect_ratio\" style=\"padding-top:56%\">\n\t\t\t\t\t\t<div class=\"map_container\">\n\t\t\t\t\t\t\t<div class=\"map_render map_loading\" id=\"map_155\"><\/div>\n\t\t\t\t\t\t<\/div>\n\t\t\t\t\t<\/div>\n\t\t\t\t<\/div>\n\t\t\t<\/div><\/div>\n\n\n<h6><section class='content_section  in_menu' style=' padding-top:20px; padding-bottom:20px'><\/h6>\n<h6><\/section><\/h6>\n<nav class='content_menu' style='background-color: #19448A;'><div class='back_outer'><div class='back'><a href='#'>&nbsp;<\/a><\/div><\/div><div class='nav_select_menu clearfix'><div class='nav_select_button'><\/div><\/div><\/nav>\n<section class='content_section yes in_menu' data-title='Colombie-Britannique' id='1' style='background-color:#fffff; padding-top:100px; padding-bottom:100px'>\n<h6>\u00a0<\/h6>\n<h2 style=\"text-align: center;\">Colombie-Britannique<\/h2>\n<div class=\"three_columns clearfix\"><div class=\"column1\"><div class=\"column_inner\">\n<div class='pie_chart_holder normal'><div class='percentage' data-percent='61' data-delay='' data-active='#19448A' data-noactive='#C5D4E2' style='color: #00000;'><span class='tocounter' data-delay=''>61<\/span>%<\/div><div class='pie_chart_text'><h4>61% des joueurs adultes en Colombie-Britannique<\/h4> jouent \u00e0 des jeux vid\u00e9o <\/div><\/div>\n<\/div><\/div><div class=\"column2\"><div class=\"column_inner\">\n<p style=\"text-align: center;\"><div class=\"counter_holder center\"style=\"color:#19448A; font-size:120px;\"><span class=\"counter type2\" data-delay=\"\"style=\"height:120px; line-height:120px;\">38<\/span>\n<h4 style=\"text-align: center;\">L\u2019\u00e2ge moyen<\/h4>\n<p style=\"text-align: center;\">des joueurs adultes en Colombie-Britannique<\/p>\n<p style=\"text-align: center;\"><\/div>\n<\/div><\/div><div class=\"column3\"><div class=\"column_inner\">\n<p style=\"text-align: center;\"><div class=\"icon_in_circle_holder\"><div class=\"icon_holder center\" style=\"border-color: #19448A;\"><div class=\"icon_small\"><div class=\"icon retina black clock\"><\/div><\/div><\/div><\/div>\n<h4>\u00a0<\/h4>\n<h4 style=\"text-align: center;\">Le temps de jeu moyen est de 9\u00a0heures<\/h4>\n<p style=\"text-align: center;\">par semaine en Colombie-Britannique<\/p>\n<\/div><\/div><\/div><\/section>\n<section class='content_section yes in_menu' data-title='Alberta' id='2' style='background-color:#fffff;'>\n<h2 style=\"text-align: center;\">Alberta<\/h2>\n<div class=\"three_columns clearfix\"><div class=\"column1\"><div class=\"column_inner\">\n<div class='pie_chart_holder normal'><div class='percentage' data-percent='61' data-delay='' data-active='#19448A' data-noactive='#C5D4E2' style='color: #00000;'><span class='tocounter' data-delay=''>61<\/span>%<\/div><div class='pie_chart_text'><h4>61% of adult gamers in Alberta<\/h4> jouent \u00e0 des jeux vid\u00e9o <\/div><\/div>\n<\/div><\/div><div class=\"column2\"><div class=\"column_inner\">\n<div class=\"counter_holder center\"style=\"color:#19448A; font-size:120px;\"><span class=\"counter type2\" data-delay=\"\"style=\"height:120px; line-height:120px;\">39<\/span>\n<h4>L\u2019\u00e2ge moyen<\/h4>\n<p>des joueurs adultes en Alberta<\/p>\n<\/div>\n<\/div><\/div><div class=\"column3\"><div class=\"column_inner\">\n<p style=\"text-align: center;\"><div class=\"icon_in_circle_holder\"><div class=\"icon_holder center\" style=\"border-color: #19448A;\"><div class=\"icon_small\"><div class=\"icon retina black clock\"><\/div><\/div><\/div><\/div>\n<h4>\u00a0<\/h4>\n<h4 style=\"text-align: center;\">Le temps de jeu moyen est de 9\u00a0heures<\/h4>\n<p style=\"text-align: center;\">par semaine en Alberta<\/p>\n<\/div><\/div><\/div><\/section>\n<section class='content_section yes in_menu' data-title='Saskatchewan' id='3' style='background-color:#fffff;'>\n<h2 style=\"text-align: center;\">Saskatchewan<\/h2>\n<div class=\"four_columns clearfix\"><div class=\"column1\"><div class=\"column_inner\">\n<div class='pie_chart_holder normal'><div class='percentage' data-percent='68' data-delay='' data-active='#19448A' data-noactive='#C5D4E2' style='color: #00000;'><span class='tocounter' data-delay=''>68<\/span>%<\/div><div class='pie_chart_text'><h4>68% des joueurs adultes en Saskatchewan<\/h4> jouent \u00e0 des jeux vid\u00e9o <\/div><\/div>\n<\/div><\/div><div class=\"column2\"><div class=\"column_inner\">\n<div class=\"counter_holder center\"style=\"color:#19448A; font-size:120px;\"><span class=\"counter type2\" data-delay=\"\"style=\"height:120px; line-height:120px;\">36<\/span>\n<h4>L\u2019\u00e2ge moyen<\/h4>\n<p>des joueurs adultes en Saskatchewan<\/p>\n<\/div>\n<\/div><\/div><div class=\"column3\"><div class=\"column_inner\">\n<p style=\"text-align: center;\"><div class=\"icon_in_circle_holder\"><div class=\"icon_holder center\" style=\"border-color: #19448A;\"><div class=\"icon_small\"><div class=\"icon retina black clock\"><\/div><\/div><\/div><\/div>\n<h4>\u00a0<\/h4>\n<h4 style=\"text-align: center;\">Le temps de jeu moyen est de 10\u00a0heures<\/h4>\n<p style=\"text-align: center;\">par semaine en Saskatchewan<\/p>\n<\/div><\/div><div class=\"column4\"><div class=\"column_inner\">\n<div class=\"icon_in_circle_holder\"><div class=\"icon_holder center\" style=\"border-color: #19448A;\"><div class=\"icon_small\"><div class=\"icon retina black info\"><\/div><\/div><\/div>\n<h4 style=\"text-align: center;\">La Saskatchewan<\/h4>\n<p style=\"text-align: center;\">poss\u00e8de le taux de jeu le plus \u00e9lev\u00e9 au Canada<\/p>\n<\/div>\n<\/div><\/div><\/div>\n<\/section>\n<section class='content_section yes in_menu' data-title='Manitoba' id='4' style='background-color:#fffff;'>\n<h2 style=\"text-align: center;\">Manitoba<\/h2>\n<div class=\"three_columns clearfix\"><div class=\"column1\"><div class=\"column_inner\">\n<div class='pie_chart_holder normal'><div class='percentage' data-percent='58' data-delay='' data-active='#19448A' data-noactive='#C5D4E2' style='color: #00000;'><span class='tocounter' data-delay=''>58<\/span>%<\/div><div class='pie_chart_text'><h4>58% des joueurs adultes au Manitoba<\/h4> jouent \u00e0 des jeux vid\u00e9o <\/div><\/div>\n<\/div><\/div><div class=\"column2\"><div class=\"column_inner\">\n<div class=\"counter_holder center\"style=\"color:#19448A; font-size:120px;\"><span class=\"counter type2\" data-delay=\"\"style=\"height:120px; line-height:120px;\">38<\/span>\n<h4>L\u2019\u00e2ge moyen<\/h4>\n<p>des joueurs adultes au Manitoba<\/p>\n<\/div>\n<\/div><\/div><div class=\"column3\"><div class=\"column_inner\">\n<p style=\"text-align: center;\"><div class=\"icon_in_circle_holder\"><div class=\"icon_holder center\" style=\"border-color: #19448A;\"><div class=\"icon_small\"><div class=\"icon retina black clock\"><\/div><\/div><\/div><\/div>\n<h4>\u00a0<\/h4>\n<h4 style=\"text-align: center;\">Le temps de jeu moyen est de 9\u00a0heures<\/h4>\n<p style=\"text-align: center;\">par semaine au Manitoba<\/p>\n<\/div><\/div><\/div>\n<\/section>\n<section class='content_section yes in_menu' data-title='Ontario' id='5' style='background-color:#fffff;'>\n<h2 style=\"text-align: center;\">Ontario<\/h2>\n<div class=\"three_columns clearfix\"><div class=\"column1\"><div class=\"column_inner\">\n<div class='pie_chart_holder normal'><div class='percentage' data-percent='63' data-delay='' data-active='#19448A' data-noactive='#C5D4E2' style='color: #00000;'><span class='tocounter' data-delay=''>63<\/span>%<\/div><div class='pie_chart_text'><h4>63% des joueurs adultes en Ontario<\/h4> jouent \u00e0 des jeux vid\u00e9o <\/div><\/div>\n<\/div><\/div><div class=\"column2\"><div class=\"column_inner\">\n<div class=\"counter_holder center\"style=\"color:#19448A; font-size:120px;\"><span class=\"counter type2\" data-delay=\"\"style=\"height:120px; line-height:120px;\">37<\/span>\n<h4>L\u2019\u00e2ge moyen<\/h4>\n<p>des joueurs adultes en Ontario<\/p>\n<\/div>\n<\/div><\/div><div class=\"column3\"><div class=\"column_inner\">\n<p style=\"text-align: center;\"><div class=\"icon_in_circle_holder\"><div class=\"icon_holder center\" style=\"border-color: #19448A;\"><div class=\"icon_small\"><div class=\"icon retina black clock\"><\/div><\/div><\/div><\/div>\n<h4>\u00a0<\/h4>\n<h4 style=\"text-align: center;\">Le temps de jeu moyen est de 9 heures<\/h4>\n<p style=\"text-align: center;\">par semaine en Ontario<\/p>\n<\/div><\/div><\/div>\n<\/section>\n<section class='content_section yes in_menu' data-title='Qu\u00e9bec' id='6' style='background-color:#fffff;'>\n<h2 style=\"text-align: center;\">Qu\u00e9bec<\/h2>\n<div class=\"three_columns clearfix\"><div class=\"column1\"><div class=\"column_inner\">\n<div class='pie_chart_holder normal'><div class='percentage' data-percent='57' data-delay='' data-active='#19448A' data-noactive='#C5D4E2' style='color: #00000;'><span class='tocounter' data-delay=''>57<\/span>%<\/div><div class='pie_chart_text'><h4>57% des joueurs adultes au Qu\u00e9bec<\/h4> jouent \u00e0 des jeux vid\u00e9o <\/div><\/div>\n<\/div><\/div><div class=\"column2\"><div class=\"column_inner\">\n<div class=\"counter_holder center\"style=\"color:#19448A; font-size:120px;\"><span class=\"counter type2\" data-delay=\"\"style=\"height:120px; line-height:120px;\">37<\/span>\n<h4>L\u2019\u00e2ge moyen<\/h4>\n<p>des joueurs adultes au Qu\u00e9bec<\/p>\n<\/div>\n<\/div><\/div><div class=\"column3\"><div class=\"column_inner\">\n<p style=\"text-align: center;\"><div class=\"icon_in_circle_holder\"><div class=\"icon_holder center\" style=\"border-color: #19448A;\"><div class=\"icon_small\"><div class=\"icon retina black clock\"><\/div><\/div><\/div><\/div>\n<h4>\u00a0<\/h4>\n<h4 style=\"text-align: center;\">Le temps de jeu moyen est de 8\u00a0heures<\/h4>\n<p style=\"text-align: center;\">par semaine au Qu\u00e9bec<\/p>\n<\/div><\/div><\/div>\n<\/section>\n<section class='content_section yes in_menu' data-title='Canada atlantique' id='7' style='background-color:#fffff;'>\n<h2 style=\"text-align: center;\">Canada atlantique<\/h2>\n<div class=\"three_columns clearfix\"><div class=\"column1\"><div class=\"column_inner\">\n<div class='pie_chart_holder normal'><div class='percentage' data-percent='60' data-delay='' data-active='#19448A' data-noactive='#C5D4E2' style='color: #00000;'><span class='tocounter' data-delay=''>60<\/span>%<\/div><div class='pie_chart_text'><h4>60% des joueurs adultes au Canada atlantique<\/h4> jouent \u00e0 des jeux vid\u00e9o <\/div><\/div>\n<\/div><\/div><div class=\"column2\"><div class=\"column_inner\">\n<div class=\"counter_holder center\"style=\"color:#19448A; font-size:120px;\"><span class=\"counter type2\" data-delay=\"\"style=\"height:120px; line-height:120px;\">40<\/span>\n<h4>L\u2019\u00e2ge moyen<\/h4>\n<p>des joueurs adultes au Canada atlantique<\/p>\n<\/div>\n<\/div><\/div><div class=\"column3\"><div class=\"column_inner\">\n<p style=\"text-align: center;\"><div class=\"icon_in_circle_holder\"><div class=\"icon_holder center\" style=\"border-color: #19448A;\"><div class=\"icon_small\"><div class=\"icon retina black clock\"><\/div><\/div><\/div><\/div>\n<h4>\u00a0<\/h4>\n<h4 style=\"text-align: center;\">Le temps de jeu moyen est de 9\u00a0heures<\/h4>\n<p style=\"text-align: center;\">par semaine au Canada atlantique<\/p>\n<\/div><\/div><\/div>\n<\/section>\n<section class='content_section no in_menu' style='background-color:#000000; padding-top:20px; padding-bottom:20px'>\n<h6><span style=\"color: #ffffff;\"><strong>Remarque concernant les donn\u00e9es\u00a0<\/strong>: Le NPD\u00a0Group a regroup\u00e9 les provinces de l\u2019Atlantique (Nouveau-Brunswick, \u00cele-du-Prince-\u00c9douard, Nouvelle-\u00c9cosse et Terre-Neuve-et-Labrador) en raison de la taille de la population (moins de 7\u00a0% du Canada). Le NPD\u00a0Group a enqu\u00eat\u00e9 dans 10\u00a0provinces et utilis\u00e9 les donn\u00e9es de Statistique Canada pour pond\u00e9rer les r\u00e9sultats selon l\u2019\u00e2ge, le sexe, la r\u00e9gion et la taille du m\u00e9nage. Les trois territoires (Yukon, Territoires du Nord-Ouest et Nunavut) n\u2019ont pas \u00e9t\u00e9 pris en compte en raison du co\u00fbt prohibitif pour obtenir un \u00e9chantillon exploitable.<\/span><\/h6>\n<h6><\/section><\/h6>","protected":false},"excerpt":{"rendered":"<p>Les Canadiens des quatre coins du pays aiment les jeux vid\u00e9o. L\u2019\u00e2ge moyen des joueurs adultes (18-64\u00a0ans) au Canada est de 38\u00a0ans. D\u2019apr\u00e8s nos recherches, ce sont les Saskatchewanais qui jouent le plus, avec une moyenne de 10\u00a0heures de jeu.<\/p>\n","protected":false},"author":1,"featured_media":0,"parent":0,"menu_order":2,"comment_status":"closed","ping_status":"closed","template":"","meta":[],"_links":{"self":[{"href":"https:\/\/essentialfacts2020.ca\/fr\/wp-json\/wp\/v2\/pages\/143\/"}],"collection":[{"href":"https:\/\/essentialfacts2020.ca\/fr\/wp-json\/wp\/v2\/pages\/"}],"about":[{"href":"https:\/\/essentialfacts2020.ca\/fr\/wp-json\/wp\/v2\/types\/page\/"}],"author":[{"embeddable":true,"href":"https:\/\/essentialfacts2020.ca\/fr\/wp-json\/wp\/v2\/users\/1\/"}],"replies":[{"embeddable":true,"href":"https:\/\/essentialfacts2020.ca\/fr\/wp-json\/wp\/v2\/comments\/?post=143"}],"version-history":[{"count":10,"href":"https:\/\/essentialfacts2020.ca\/fr\/wp-json\/wp\/v2\/pages\/143\/revisions\/"}],"predecessor-version":[{"id":455,"href":"https:\/\/essentialfacts2020.ca\/fr\/wp-json\/wp\/v2\/pages\/143\/revisions\/455\/"}],"wp:attachment":[{"href":"https:\/\/essentialfacts2020.ca\/fr\/wp-json\/wp\/v2\/media\/?parent=143"}],"curies":[{"name":"wp","href":"https:\/\/api.w.org\/{rel}","templated":true}]}}