{"id":456,"date":"2020-11-19T07:51:34","date_gmt":"2020-11-19T07:51:34","guid":{"rendered":"https:\/\/essentialfacts2020.ca\/?page_id=456"},"modified":"2020-11-19T07:56:29","modified_gmt":"2020-11-19T07:56:29","slug":"enfants-et-adolescents","status":"publish","type":"page","link":"https:\/\/essentialfacts2020.ca\/fr\/la-carte-interactive\/enfants-et-adolescents\/","title":{"rendered":"Enfants et adolescents"},"content":{"rendered":"<h5>Partout au Canada, les enfants et les adolescents jouent \u00e0 des jeux vid\u00e9o. En raison de la petite taille de l\u2019\u00e9chantillon, les donn\u00e9es de ce segment ont \u00e9t\u00e9 calcul\u00e9es par r\u00e9gion. L\u2019\u00e2ge moyen, le pourcentage de joueurs et le nombre moyen d\u2019heures de jeu chez les enfants et les adolescents ont \u00e9t\u00e9 chiffr\u00e9s pour l\u2019Ontario, le Qu\u00e9bec et l\u2019Ouest canadien.<\/h5>\n<h6><section class='content_section  in_menu' style=' padding-top:70px; padding-bottom:70px'><\/h6>\n<h3>Ontario<\/h3>\n<h6><section class='content_section  in_menu' style=' padding-top:20px; padding-bottom:20px'><\/section><\/h6>\n<h6><\/section><\/h6>\n<div class=\"three_columns clearfix\"><div class=\"column1\"><div class=\"column_inner\">\n<div class='pie_chart_holder normal'><div class='percentage' data-percent='90' data-delay='' data-active='#19448A' data-noactive='#C5D4E2' style='color: #00000;'><span class='tocounter' data-delay=''>90<\/span>%<\/div><div class='pie_chart_text'><h4>90% des enfants et adolescents en Ontario<\/h4> jouent \u00e0 des jeux vid\u00e9o <\/div><\/div>\n<\/div><\/div>\n<div class=\"column2\"><div class=\"column_inner\">\n<p style=\"text-align: center;\"><div class=\"counter_holder center\"style=\"color:#19448A; font-size:120px;\"><span class=\"counter type2\" data-delay=\"\"style=\"height:120px; line-height:120px;\">12<\/span>\n<h4 style=\"text-align: center;\">L\u2019\u00e2ge moyen<\/h4>\n<p style=\"text-align: center;\">des enfants et adolescents qui jouent \u00e0 des jeux vid\u00e9o en Ontario<\/p>\n<\/div>\n<\/div><\/div>\n<div class=\"column3\"><div class=\"column_inner\">\n<p style=\"text-align: center;\"><div class=\"icon_in_circle_holder\"><div class=\"icon_holder center\" style=\"border-color: #19448A;\"><div class=\"icon_small\"><div class=\"icon retina black clock\"><\/div><\/div><\/div><\/div>\n<h4><\/h4>\n<h4 style=\"text-align: center;\">Le temps de jeu moyen est de 13,5\u00a0heures<\/h4>\n<p style=\"text-align: center;\">heures par semaine chez les enfants et adolescents en Ontario<\/p>\n<\/div><\/div><\/div>\n<h6><section class='content_section  in_menu' style=' padding-top:70px; padding-bottom:70px'><\/h6>\n<h3>Qu\u00e9bec<\/h3>\n<h6><section class='content_section  in_menu' style=' padding-top:20px; padding-bottom:20px'><\/section><\/h6>\n<h6><\/section><\/h6>\n<div class=\"three_columns clearfix\"><div class=\"column1\"><div class=\"column_inner\">\n<div class='pie_chart_holder normal'><div class='percentage' data-percent='85' data-delay='' data-active='#19448A' data-noactive='#C5D4E2' style='color: #00000;'><span class='tocounter' data-delay=''>85<\/span>%<\/div><div class='pie_chart_text'><h4>85% des enfants et adolescents au Qu\u00e9bec<\/h4> jouent \u00e0 des jeux vid\u00e9o <\/div><\/div>\n<\/div><\/div>\n<div class=\"column2\"><div class=\"column_inner\">\n<p style=\"text-align: center;\"><div class=\"counter_holder center\"style=\"color:#19448A; font-size:120px;\"><span class=\"counter type2\" data-delay=\"\"style=\"height:120px; line-height:120px;\">12<\/span>\n<h4 style=\"text-align: center;\">L\u2019\u00e2ge moyen<\/h4>\n<p style=\"text-align: center;\">des enfants et adolescents qui jouent \u00e0 des jeux vid\u00e9o au Qu\u00e9bec<\/p>\n<\/div>\n<\/div><\/div>\n<div class=\"column3\"><div class=\"column_inner\">\n<p style=\"text-align: center;\"><div class=\"icon_in_circle_holder\"><div class=\"icon_holder center\" style=\"border-color: #19448A;\"><div class=\"icon_small\"><div class=\"icon retina black clock\"><\/div><\/div><\/div><\/div>\n<h4><\/h4>\n<h4 style=\"text-align: center;\">Le temps de jeu moyen est de 14,5\u00a0heures<\/h4>\n<p style=\"text-align: center;\">par semaine chez les enfants et adolescents au Qu\u00e9bec<\/p>\n<\/div><\/div><\/div>\n<h6><section class='content_section  in_menu' style=' padding-top:70px; padding-bottom:70px'><\/h6>\n<h3>Ouest canadien<\/h3>\n<h6><section class='content_section  in_menu' style=' padding-top:20px; padding-bottom:20px'><\/section><\/h6>\n<h6><\/section><\/h6>\n<div class=\"three_columns clearfix\"><div class=\"column1\"><div class=\"column_inner\">\n<div class='pie_chart_holder normal'><div class='percentage' data-percent='89' data-delay='' data-active='#19448A' data-noactive='#C5D4E2' style='color: #00000;'><span class='tocounter' data-delay=''>89<\/span>%<\/div><div class='pie_chart_text'><h4>89% des enfants et adolescents dans l\u2019Ouest canadien<\/h4> jouent \u00e0 des jeux vid\u00e9o <\/div><\/div>\n<\/div><\/div>\n<div class=\"column2\"><div class=\"column_inner\">\n<p style=\"text-align: center;\"><div class=\"counter_holder center\"style=\"color:#19448A; font-size:120px;\"><span class=\"counter type2\" data-delay=\"\"style=\"height:120px; line-height:120px;\">12<\/span>\n<h4 style=\"text-align: center;\">L\u2019\u00e2ge moyen<\/h4>\n<p style=\"text-align: center;\">des enfants et adolescents qui jouent \u00e0 des jeux vid\u00e9o dans l\u2019Ouest canadien<\/p>\n<\/div>\n<\/div><\/div>\n<div class=\"column3\"><div class=\"column_inner\">\n<p style=\"text-align: center;\"><div class=\"icon_in_circle_holder\"><div class=\"icon_holder center\" style=\"border-color: #19448A;\"><div class=\"icon_small\"><div class=\"icon retina black clock\"><\/div><\/div><\/div><\/div>\n<h4><\/h4>\n<h4 style=\"text-align: center;\">Le temps de jeu moyen est de 12\u00a0heures<\/h4>\n<p style=\"text-align: center;\">par semaine chez les enfants et adolescents dans l\u2019Ouest canadien<\/p>\n<\/div><\/div><\/div>\n<h6><\/h6>\n<h6><section class='content_section  in_menu' style=' padding-top:50px; padding-bottom:50px'><\/h6>\n<h6><\/section><\/h6>\n<section class='content_section no in_menu' style='background-color:#000000; padding-top:20px; padding-bottom:20px'>\n<h6><span style=\"color: #ffffff;\"><strong>Remarque concernant les donn\u00e9es\u00a0<\/strong>: Le NPD\u00a0Group a regroup\u00e9 les provinces de l\u2019Atlantique (Nouveau-Brunswick, \u00cele-du-Prince-\u00c9douard, Nouvelle-\u00c9cosse et Terre-Neuve-et-Labrador) en raison de la taille de la population (moins de 7\u00a0% du Canada). Le NPD\u00a0Group a enqu\u00eat\u00e9 dans 10\u00a0provinces et utilis\u00e9 les donn\u00e9es de Statistique Canada pour pond\u00e9rer les r\u00e9sultats selon l\u2019\u00e2ge, le sexe, la r\u00e9gion et la taille du m\u00e9nage. Les trois territoires (Yukon, Territoires du Nord-Ouest et Nunavut) n\u2019ont pas \u00e9t\u00e9 pris en compte en raison du co\u00fbt prohibitif pour obtenir un \u00e9chantillon exploitable.<\/span><\/h6>\n<h6><\/section><\/h6>\n","protected":false},"excerpt":{"rendered":"<p>Partout au Canada, les enfants et les adolescents jouent \u00e0 des jeux vid\u00e9o. En raison de la petite taille de l\u2019\u00e9chantillon, les donn\u00e9es de ce segment ont \u00e9t\u00e9 calcul\u00e9es par r\u00e9gion. L\u2019\u00e2ge moyen, le pourcentage de joueurs et le nombre moyen d\u2019heures de jeu chez&#8230;<\/p>\n","protected":false},"author":1,"featured_media":0,"parent":143,"menu_order":0,"comment_status":"closed","ping_status":"closed","template":"","meta":[],"_links":{"self":[{"href":"https:\/\/essentialfacts2020.ca\/fr\/wp-json\/wp\/v2\/pages\/456\/"}],"collection":[{"href":"https:\/\/essentialfacts2020.ca\/fr\/wp-json\/wp\/v2\/pages\/"}],"about":[{"href":"https:\/\/essentialfacts2020.ca\/fr\/wp-json\/wp\/v2\/types\/page\/"}],"author":[{"embeddable":true,"href":"https:\/\/essentialfacts2020.ca\/fr\/wp-json\/wp\/v2\/users\/1\/"}],"replies":[{"embeddable":true,"href":"https:\/\/essentialfacts2020.ca\/fr\/wp-json\/wp\/v2\/comments\/?post=456"}],"version-history":[{"count":2,"href":"https:\/\/essentialfacts2020.ca\/fr\/wp-json\/wp\/v2\/pages\/456\/revisions\/"}],"predecessor-version":[{"id":459,"href":"https:\/\/essentialfacts2020.ca\/fr\/wp-json\/wp\/v2\/pages\/456\/revisions\/459\/"}],"up":[{"embeddable":true,"href":"https:\/\/essentialfacts2020.ca\/fr\/wp-json\/wp\/v2\/pages\/143\/"}],"wp:attachment":[{"href":"https:\/\/essentialfacts2020.ca\/fr\/wp-json\/wp\/v2\/media\/?parent=456"}],"curies":[{"name":"wp","href":"https:\/\/api.w.org\/{rel}","templated":true}]}}