{"id":461,"date":"2020-11-19T07:59:39","date_gmt":"2020-11-19T07:59:39","guid":{"rendered":"https:\/\/essentialfacts2020.ca\/?page_id=461"},"modified":"2020-11-19T08:03:49","modified_gmt":"2020-11-19T08:03:49","slug":"a-quoi-jouent-les-canadiens-par-region","status":"publish","type":"page","link":"https:\/\/essentialfacts2020.ca\/fr\/la-carte-interactive\/a-quoi-jouent-les-canadiens-par-region\/","title":{"rendered":"\u00c0 quoi jouent les Canadiens par r\u00e9gion"},"content":{"rendered":"<p>Les casse-t\u00eate et les jeux de vocabulaire sont les jeux les plus populaires au Canada. Les types de jeux les plus jou\u00e9s au Canada sont semblables d\u2019un bout \u00e0 l\u2019autre du pays.<\/p>\n<section class='content_section  in_menu' style=' padding-top:20px; padding-bottom:20px'>\n<h3>Colombie-Britannique<\/h3>\n<p>35\u00a0% des joueurs en Colombie-Britannique jouent \u00e0 des casse-t\u00eate et \u00e0 des jeux de vocabulaire<\/p>\n<p>28\u00a0% des joueurs en Colombie-Britannique jouent \u00e0 des jeux d\u2019action et \u00e0 des jeux d\u2019aventure<\/p>\n<p>26\u00a0% des joueurs en Colombie-Britannique jouent \u00e0 des jeux de strat\u00e9gie et \u00e0 des jeux de r\u00f4les<\/p>\n<\/section>\n<section class='content_section  in_menu' style=' padding-top:20px; padding-bottom:20px'>\n<h3>Alberta<\/h3>\n<p>40\u00a0% des joueurs en Alberta jouent \u00e0 des casse-t\u00eate et \u00e0 des jeux de vocabulaire<\/p>\n<p>25\u00a0% des joueurs en Alberta jouent \u00e0 des jeux \u00e0 la premi\u00e8re personne et \u00e0 des jeux en \u00e9quipe<\/p>\n<p>24\u00a0% des joueurs en Alberta jouent \u00e0 des jeux d\u2019action et \u00e0 des jeux d\u2019aventure<\/p>\n<\/section>\n<section class='content_section  in_menu' style=' padding-top:20px; padding-bottom:20px'>\n<h3>Saskatchewan and Manitoba<\/h3>\n<p>37\u00a0% des joueurs en Saskatchewan et au Manitoba jouent \u00e0 des casse-t\u00eate et \u00e0 des jeux de vocabulaire<\/p>\n<p>25\u00a0% des joueurs en Saskatchewan et au Manitoba jouent \u00e0 des jeux d\u2019action et \u00e0 des jeux d\u2019aventure<\/p>\n<p>24\u00a0% des joueurs en Saskatchewan et au Manitoba jouent \u00e0 des jeux \u00e0 la premi\u00e8re personne et \u00e0 des jeux en \u00e9quipe<\/p>\n<\/section>\n<section class='content_section  in_menu' style=' padding-top:20px; padding-bottom:20px'>\n<h3>Ontario<\/h3>\n<p>41\u00a0% des joueurs en Ontario jouent \u00e0 des casse-t\u00eate et \u00e0 des jeux de vocabulaire<\/p>\n<p>25\u00a0% des joueurs en Ontario jouent \u00e0 des jeux \u00e0 la premi\u00e8re personne et \u00e0 des jeux en \u00e9quipe<\/p>\n<p>24\u00a0% des joueurs en Ontario jouent \u00e0 des jeux d\u2019action et \u00e0 des jeux d\u2019aventure<\/p>\n<\/section>\n<section class='content_section  in_menu' style=' padding-top:20px; padding-bottom:20px'>\n<h3>Qu\u00e9bec<\/h3>\n<p>30\u00a0% des joueurs au Qu\u00e9bec jouent \u00e0 des casse-t\u00eate et \u00e0 des jeux de vocabulaire<\/p>\n<p>25\u00a0% des joueurs au Qu\u00e9bec jouent \u00e0 des jeux de strat\u00e9gie et \u00e0 des jeux de r\u00f4les<\/p>\n<p>22\u00a0% des joueurs au Qu\u00e9bec jouent \u00e0 des jeux d\u2019action et \u00e0 des jeux d\u2019aventure<\/p>\n<\/section>\n<section class='content_section  in_menu' style=' padding-top:20px; padding-bottom:20px'>\n<h3>Canada atlantique<\/h3>\n<p>28\u00a0% des joueurs au Canada atlantique jouent \u00e0 des casse-t\u00eate et \u00e0 des jeux de vocabulaire<\/p>\n<p>25\u00a0% des joueurs au Canada atlantique jouent \u00e0 des jeux d\u2019action et \u00e0 des jeux d\u2019aventure<\/p>\n<p>21\u00a0% des joueurs au Canada atlantique jouent \u00e0 des jeux \u00e0 la premi\u00e8re personne et \u00e0 des jeux en \u00e9quipe<\/p>\n<\/section>\n<section class='content_section no in_menu' style='background-color:#000000; padding-top:20px; padding-bottom:20px'>\n<h6><span style=\"color: #ffffff;\"><strong>Remarque concernant les donn\u00e9es\u00a0<\/strong>: Le NPD\u00a0Group a regroup\u00e9 les provinces de l\u2019Atlantique (Nouveau-Brunswick, \u00cele-du-Prince-\u00c9douard, Nouvelle-\u00c9cosse et Terre-Neuve-et-Labrador) en raison de la taille de la population (moins de 7\u00a0% du Canada). Le NPD\u00a0Group a enqu\u00eat\u00e9 dans 10\u00a0provinces et utilis\u00e9 les donn\u00e9es de Statistique Canada pour pond\u00e9rer les r\u00e9sultats selon l\u2019\u00e2ge, le sexe, la r\u00e9gion et la taille du m\u00e9nage. Les trois territoires (Yukon, Territoires du Nord-Ouest et Nunavut) n\u2019ont pas \u00e9t\u00e9 pris en compte en raison du co\u00fbt prohibitif pour obtenir un \u00e9chantillon exploitable.<\/span><\/h6>\n<h6><\/section><\/h6>\n","protected":false},"excerpt":{"rendered":"<p>Les casse-t\u00eate et les jeux de vocabulaire sont les jeux les plus populaires au Canada. Les types de jeux les plus jou\u00e9s au Canada sont semblables d\u2019un bout \u00e0 l\u2019autre du pays.<\/p>\n","protected":false},"author":1,"featured_media":0,"parent":143,"menu_order":0,"comment_status":"closed","ping_status":"closed","template":"","meta":[],"_links":{"self":[{"href":"https:\/\/essentialfacts2020.ca\/fr\/wp-json\/wp\/v2\/pages\/461\/"}],"collection":[{"href":"https:\/\/essentialfacts2020.ca\/fr\/wp-json\/wp\/v2\/pages\/"}],"about":[{"href":"https:\/\/essentialfacts2020.ca\/fr\/wp-json\/wp\/v2\/types\/page\/"}],"author":[{"embeddable":true,"href":"https:\/\/essentialfacts2020.ca\/fr\/wp-json\/wp\/v2\/users\/1\/"}],"replies":[{"embeddable":true,"href":"https:\/\/essentialfacts2020.ca\/fr\/wp-json\/wp\/v2\/comments\/?post=461"}],"version-history":[{"count":3,"href":"https:\/\/essentialfacts2020.ca\/fr\/wp-json\/wp\/v2\/pages\/461\/revisions\/"}],"predecessor-version":[{"id":466,"href":"https:\/\/essentialfacts2020.ca\/fr\/wp-json\/wp\/v2\/pages\/461\/revisions\/466\/"}],"up":[{"embeddable":true,"href":"https:\/\/essentialfacts2020.ca\/fr\/wp-json\/wp\/v2\/pages\/143\/"}],"wp:attachment":[{"href":"https:\/\/essentialfacts2020.ca\/fr\/wp-json\/wp\/v2\/media\/?parent=461"}],"curies":[{"name":"wp","href":"https:\/\/api.w.org\/{rel}","templated":true}]}}