{"id":535,"date":"2020-11-19T09:57:01","date_gmt":"2020-11-19T09:57:01","guid":{"rendered":"https:\/\/essentialfacts2020.ca\/?page_id=535"},"modified":"2020-11-19T19:43:45","modified_gmt":"2020-11-19T19:43:45","slug":"les-profils-des-vrais-gamers-canadiens","status":"publish","type":"page","link":"https:\/\/essentialfacts2020.ca\/fr\/quest-ce-quun-vrai-canadien-gamer\/les-profils-des-vrais-gamers-canadiens\/","title":{"rendered":"Vrais gamers canadiens"},"content":{"rendered":"<section class='content_section  in_menu' style='background-color:#ffffff; padding-top:20px; padding-bottom:20px'>\n<\/section>\n<div class=\"two_columns_50_50 clearfix\"><div class=\"column1\"><div class=\"column_inner\">\n<p><iframe src=\"https:\/\/www.youtube.com\/embed\/degg_PkqCYY\" width=\"560\" height=\"315\" frameborder=\"0\" allowfullscreen=\"allowfullscreen\"><\/iframe><\/p>\n<\/div><\/div>\n<div class=\"column2\"><div class=\"column_inner\">\n<h3><strong>Elaine Gusella<\/strong><\/h3>\n<p><strong>Gamer &amp; M\u00e8re de famille<\/strong><\/p>\n<p><em><strong>Montr\u00e9al, QC<\/strong><\/em><\/p>\n<p>Elaine est une GAMER et m\u00e8re de famille qui a une formation en litt\u00e9rature. Elle se sert des jeux pour raconter des histoires et interagir avec sa famille. Plus r\u00e9cemment, elle a amorc\u00e9 une carri\u00e8re en d\u00e9veloppement de jeux. Elle est une membre active de Pixelles, une communaut\u00e9 de d\u00e9veloppement de jeux, et croit \u00e0 la puissance des jeux.<\/p>\n<\/div><\/div><\/div>\n<section class='content_section  in_menu' style='background-color:#ffffff; padding-top:20px; padding-bottom:20px'>\n<\/section>\n<div class=\"two_columns_50_50 clearfix\"><div class=\"column1\"><div class=\"column_inner\">\n<p><iframe src=\"https:\/\/www.youtube.com\/embed\/73V-PvD2svI\" width=\"560\" height=\"315\" frameborder=\"0\" allowfullscreen=\"allowfullscreen\"><\/iframe><\/p>\n<\/div><\/div>\n<div class=\"column2\"><div class=\"column_inner\">\n<h3><strong>Davey Cook<\/strong><\/h3>\n<p><strong>Gamer et artiste<\/strong><\/p>\n<p><em><strong>Split Lake (Man.)<\/strong><\/em><\/p>\n<p>Davey est un artiste qui aime la simplicit\u00e9 et le courant de diff\u00e9rents genres, et qui applique cela \u00e0 son enseignement \u00e0 Split\u00a0Lake, au Manitoba. Gamer passionn\u00e9, Davey croit \u00e0 la puissance des jeux \u00e0 la fois comme divertissement et forme d\u2019expression artistique.<\/p>\n<\/div><\/div><\/div>\n<section class='content_section  in_menu' style='background-color:#ffffff; padding-top:20px; padding-bottom:20px'>\n<\/section>\n<div class=\"two_columns_50_50 clearfix\"><div class=\"column1\"><div class=\"column_inner\">\n<p><iframe src=\"https:\/\/www.youtube.com\/embed\/IPr7oqWk0-M\" width=\"560\" height=\"315\" frameborder=\"0\" allowfullscreen=\"allowfullscreen\"><\/iframe><\/p>\n<\/div><\/div>\n<div class=\"column2\"><div class=\"column_inner\">\n<h3><strong>Craig Wisehart<\/strong><\/h3>\n<p><strong>Gamer et grand-papa<\/strong><\/p>\n<p><em><strong>Vancouver (C.-B.)<\/strong><\/em><\/p>\n<p>Craig est un gamer et un grand-papa qui poss\u00e8de une formation en informatique. Craig joue \u00e0 des jeux depuis de nombreuses ann\u00e9es, et aime y jouer dans ses temps libres pour socialiser et \u00e9tablir le contact avec les membres de sa famille. Gamer actif d\u2019un certain \u00e2ge, il croit \u00e0 la puissance des jeux.<\/p>\n<\/div><\/div><\/div>\n<section class='content_section  in_menu' style='background-color:#ffffff; padding-top:20px; padding-bottom:20px'>\n<\/section>\n<div class=\"two_columns_50_50 clearfix\"><div class=\"column1\"><div class=\"column_inner\">\n<p><iframe src=\"https:\/\/www.youtube.com\/embed\/1eE4RUSr69c\" width=\"560\" height=\"315\" frameborder=\"0\" allowfullscreen=\"allowfullscreen\"><\/iframe><\/p>\n<\/div><\/div>\n<div class=\"column2\"><div class=\"column_inner\">\n<h3><strong>Steve Saylor<\/strong><\/h3>\n<p><strong>Gamer et d\u00e9fenseur de l\u2019accessibilit\u00e9<\/strong><\/p>\n<p><em><strong>Toronto (Ontario)<\/strong><\/em><\/p>\n<p>Steve est un joueur et un d\u00e9fenseur de l\u2019accessibilit\u00e9; il est aveugle et il met son exp\u00e9rience \u00e0 contribution dans tout ce qu\u2019il entreprend\u00a0: il cr\u00e9e des balados et anime des \u00e9missions de radio en plus d\u2019\u00eatre gamer sur YouTube, graphiste et professeur au coll\u00e8ge. Vous le connaissez peut-\u00eatre pour sa populaire cha\u00eene sur YouTube, \u00ab\u00a0Blind Gamer\u00a0\u00bb.<\/p>\n<\/div><\/div><\/div>\n<section class='content_section  in_menu' style='background-color:#ffffff; padding-top:20px; padding-bottom:20px'>\n<\/section>\n<div class=\"two_columns_50_50 clearfix\"><div class=\"column1\"><div class=\"column_inner\">\n<p><iframe src=\"https:\/\/www.youtube.com\/embed\/o1oOcrgSA2s\" width=\"560\" height=\"315\" frameborder=\"0\" allowfullscreen=\"allowfullscreen\"><\/iframe><\/p>\n<\/div><\/div>\n<div class=\"column2\"><div class=\"column_inner\">\n<h3><strong>Jord Farrell<\/strong><\/h3>\n<p><strong>Gamer et artiste<\/strong><\/p>\n<p><em><strong>Toronto (Ontario)<\/strong><\/em><\/p>\n<p>Jord est un artiste dont le m\u00e9dium de travail est les jeux. Au cours des sept derni\u00e8res ann\u00e9es et plus, il a lanc\u00e9 plus d\u2019une centaine de\u00a0jeux \u00e0 l\u2019\u00e9chelle mondiale. Il s\u2019est \u00e9galement donn\u00e9 l\u2019objectif de cr\u00e9er, sans faute, une nouvelle \u0153uvre d\u2019art tous les jours. Il ach\u00e8vera bient\u00f4t la premi\u00e8re ann\u00e9e de son d\u00e9fi.<\/p>\n<\/div><\/div><\/div>\n","protected":false},"excerpt":{"rendered":"","protected":false},"author":1,"featured_media":0,"parent":139,"menu_order":0,"comment_status":"closed","ping_status":"closed","template":"","meta":[],"_links":{"self":[{"href":"https:\/\/essentialfacts2020.ca\/fr\/wp-json\/wp\/v2\/pages\/535\/"}],"collection":[{"href":"https:\/\/essentialfacts2020.ca\/fr\/wp-json\/wp\/v2\/pages\/"}],"about":[{"href":"https:\/\/essentialfacts2020.ca\/fr\/wp-json\/wp\/v2\/types\/page\/"}],"author":[{"embeddable":true,"href":"https:\/\/essentialfacts2020.ca\/fr\/wp-json\/wp\/v2\/users\/1\/"}],"replies":[{"embeddable":true,"href":"https:\/\/essentialfacts2020.ca\/fr\/wp-json\/wp\/v2\/comments\/?post=535"}],"version-history":[{"count":6,"href":"https:\/\/essentialfacts2020.ca\/fr\/wp-json\/wp\/v2\/pages\/535\/revisions\/"}],"predecessor-version":[{"id":546,"href":"https:\/\/essentialfacts2020.ca\/fr\/wp-json\/wp\/v2\/pages\/535\/revisions\/546\/"}],"up":[{"embeddable":true,"href":"https:\/\/essentialfacts2020.ca\/fr\/wp-json\/wp\/v2\/pages\/139\/"}],"wp:attachment":[{"href":"https:\/\/essentialfacts2020.ca\/fr\/wp-json\/wp\/v2\/media\/?parent=535"}],"curies":[{"name":"wp","href":"https:\/\/api.w.org\/{rel}","templated":true}]}}